{"id":1102,"date":"2016-12-06T12:44:38","date_gmt":"2016-12-06T11:44:38","guid":{"rendered":"http:\/\/knielingerphysiotherapie.de\/cms\/?page_id=1102"},"modified":"2025-04-15T16:16:00","modified_gmt":"2025-04-15T14:16:00","slug":"impressum-datenschutz","status":"publish","type":"page","link":"https:\/\/knielingerphysiotherapie.de\/cms\/impressum-datenschutz\/","title":{"rendered":"Impressum und Datenschutz"},"content":{"rendered":"<p><div class=\"fusion-bg-parallax\"  data-bg-align=\"left top\" data-direction=\"right\" data-mute=\"false\" data-opacity=\"100\" data-velocity=\"-0.3\" data-mobile-enabled=\"false\" data-break_parents=\"0\" data-bg-image=\"http:\/\/knielingerphysiotherapie.de\/cms\/wp-content\/uploads\/2016\/12\/header-geraet.jpg\" data-bg-repeat=\"false\" data-bg-height=\"\" data-bg-width=\"\"><\/div><div  class=\"fusion-fullwidth fullwidth-box fusion-parallax-right nonhundred-percent-fullwidth\"  style='background-color: rgba(255,255,255,0);background-image: url(\"http:\/\/knielingerphysiotherapie.de\/cms\/wp-content\/uploads\/2016\/12\/header-geraet.jpg\");background-position: left top;background-repeat: no-repeat;padding-top:20px;padding-right:0px;padding-bottom:20px;padding-left:0px;-webkit-background-size:cover;-moz-background-size:cover;-o-background-size:cover;background-size:cover;background-attachment:right;'><div class=\"fusion-builder-row fusion-row \"><div  class=\"fusion-layout-column fusion_builder_column fusion_builder_column_1_1  fusion-one-full fusion-column-first fusion-column-last 1_1\"  style='margin-top:0px;margin-bottom:30px;'>\n\t\t\t<div class=\"fusion-column-wrapper\" style=\"padding: 620px 0px 0px 0px;background-position:left top;background-repeat:no-repeat;-webkit-background-size:cover;-moz-background-size:cover;-o-background-size:cover;background-size:cover;\"  data-bg-url=\"\">\n\t\t\t\t<div class=\"fusion-clearfix\"><\/div>\n\n\t\t\t<\/div>\n\t\t<\/div><\/div><\/div><div  class=\"fusion-fullwidth fullwidth-box nonhundred-percent-fullwidth\"  style='background-color: rgba(255,255,255,0);background-position: center center;background-repeat: no-repeat;padding-top:20px;padding-right:0px;padding-bottom:20px;padding-left:0px;'><div class=\"fusion-builder-row fusion-row \"><div  class=\"fusion-layout-column fusion_builder_column fusion_builder_column_1_1  fusion-one-full fusion-column-first fusion-column-last 1_1\"  style='margin-top:0px;margin-bottom:30px;'>\n\t\t\t<div class=\"fusion-column-wrapper\" style=\"background-position:left top;background-repeat:no-repeat;-webkit-background-size:cover;-moz-background-size:cover;-o-background-size:cover;background-size:cover;\"  data-bg-url=\"\">\n\t\t\t\t<h1 style=\"text-align: center;\">Impressum<\/h1>\n<div class=\"fusion-clearfix\"><\/div>\n\n\t\t\t<\/div>\n\t\t<\/div><\/div><\/div><div  class=\"fusion-fullwidth fullwidth-box nonhundred-percent-fullwidth\"  style='background-color: rgba(255,255,255,0);background-position: center center;background-repeat: no-repeat;padding-top:20px;padding-right:0px;padding-bottom:20px;padding-left:0px;'><div class=\"fusion-builder-row fusion-row \"><div  class=\"fusion-layout-column fusion_builder_column fusion_builder_column_2_5  fusion-two-fifth fusion-column-first 2_5\"  style='margin-top:0px;margin-bottom:30px;width:40%;width:calc(40% - ( ( 4% ) * 0.4 ) );margin-right: 4%;'>\n\t\t\t<div class=\"fusion-column-wrapper\" style=\"background-position:left top;background-repeat:no-repeat;-webkit-background-size:cover;-moz-background-size:cover;-o-background-size:cover;background-size:cover;\"  data-bg-url=\"\">\n\t\t\t\t<h3 style=\"color: #95bc3d;\">Verantwortlich f\u00fcr den Inhalt:<\/h3>\n<p><strong>Die Knielinger Physiotherapie<\/strong><\/p>\n<p>Sudetenstra\u00dfe 59<br \/>\n76187 Karlsruhe<br \/>\nTel: 0721-82 00 33 33<br \/>\nFax: 0721-82 00 33 55<\/p>\n<p>Saarlandstrasse 74<br \/>\n76187 Karlsruhe<br \/>\nTel: 0721-56 31 44<br \/>\nFax: 0721-956 39 63<\/p>\n<p><strong>EMail:<\/strong> info(at)knielingerphysiotherapie.de<br \/>\n<strong>Internet:<\/strong> www.knielingerphysiotherapie.de<\/p>\n<p><strong>Inhaber:<\/strong> Dirk Bechtold &amp; Kirsten M\u00fcllersch\u00f6n<br \/>\n<strong>Berufsbezeichnung:<\/strong> Physiotherapeut\/Physiotherapeutin<\/p>\n<p><strong>Zust\u00e4ndiger Verband:<\/strong><br \/>\nDeutscher Verband f\u00fcr Physiotherapie<br \/>\nZentralverband der Physiotherapeuten \/ Krankengymnasten ZVK e.V.<\/p>\n<h3 style=\"color: #95bc3d;\">Urheberrechtshinweis:<\/h3>\n<p class=\"justify\">Dieses Werk einschlie\u00dflich aller seiner Teile ist urheberrechtlich gesch\u00fctzt. Jede Verwertung, die nicht ausdr\u00fccklich vom Urheberrechtsgesetz zugelassen ist, bedarf der vorherigen, schriftlichen Zustimmung von Dirk Bechtold und Kirsten M\u00fcllersch\u00f6n, Saarlandstr. 74, 76187 Karlsruhe. Dies gilt insbesondere f\u00fcr Vervielf\u00e4ltigungen, Bearbeitungen, \u00dcbersetzungen, Mikro-Verfilmungen, Ver\u00f6ffentlichen und die Einspeicherungen und Verarbeitungen in elektronischen Systemen.<\/p>\n<div class=\"fusion-clearfix\"><\/div>\n\n\t\t\t<\/div>\n\t\t<\/div><div  class=\"fusion-layout-column fusion_builder_column fusion_builder_column_3_5  fusion-three-fifth fusion-column-last 3_5\"  style='margin-top:0px;margin-bottom:30px;width:60%;width:calc(60% - ( ( 4% ) * 0.6 ) );'>\n\t\t\t<div class=\"fusion-column-wrapper\" style=\"background-position:left top;background-repeat:no-repeat;-webkit-background-size:cover;-moz-background-size:cover;-o-background-size:cover;background-size:cover;\"  data-bg-url=\"\">\n\t\t\t\t<h3 style=\"color: #95bc3d;\">HAFTUNGSAUSSCHLUSS:<\/h3>\n<h5>1. Inhalt des Onlineangebotes:<\/h5>\n<p class=\"justify\">Die Praxis &#8222;Die Knielinger Physiotherapie&#8220; (im folgenden Text &#8222;Autor&#8220; genannt) \u00fcbernimmt keinerlei Gew\u00e4hr f\u00fcr die Aktualit\u00e4t, Korrektheit, Vollst\u00e4ndigkeit oder Qualit\u00e4t der bereitgestellten Informationen. Haftungsanspr\u00fcche gegen den Autor, welche sich auf Sch\u00e4den materieller oder ideeller Art beziehen, die durch die Nutzung oder Nichtnutzung der dargebotenen Informationen bzw. durch die Nutzung fehlerhafter und unvollst\u00e4ndiger Informationen verursacht wurden, sind grunds\u00e4tzlich ausgeschlossen. Der Autor beh\u00e4lt es sich ausdr\u00fccklich vor, Teile der Seiten oder das gesamte Angebot ohne gesonderte Ank\u00fcndigung zu ver\u00e4ndern, zu erg\u00e4nzen, zu l\u00f6schen oder die Ver\u00f6ffentlichung zeitweise oder endg\u00fcltig einzustellen.<\/p>\n<h5>2. Verweise und Links:<\/h5>\n<p class=\"justify\">Trotz sorgf\u00e4ltiger inhaltlicher Kontrolle \u00fcbernehmen wir keine Haftung f\u00fcr die Inhalte externer Links. F\u00fcr den Inhalt der verlinkten Seiten sind ausschlie\u00dflich deren Betreiber verantwortlich. F\u00fcr illegale, fehlerhafte oder unvollst\u00e4ndige Inhalte und insbesondere f\u00fcr Sch\u00e4den, die aus der Nutzung oder Nichtnutzung solcherart dargebotener Informationen entstehen, haftet allein der Anbieter der Seite, auf welche verwiesen wurde, nicht derjenige, der \u00fcber Links auf die jeweilige Ver\u00f6ffentlichung lediglich verweist.<\/p>\n<h5>3. Urheberrecht:<\/h5>\n<p class=\"justify\">Der Autor ist bestrebt, in allen Publikationen die Urheberrechte der verwendeten Grafiken und Texte zu beachten, von ihm selbst erstellte Grafiken und Texte zu nutzen oder auf lizenzfreie Grafiken und Texte zur\u00fcckzugreifen. Das Copyright f\u00fcr ver\u00f6ffentlichte, vom Autor selbst erstellte Objekte bleibt allein beim Autor der Seiten. Eine Vervielf\u00e4ltigung oder Verwendung solcher Grafiken und Texte in anderen elektronischen oder gedruckten Publikationen ist ohne ausdr\u00fcckliche Zustimmung des Autors nicht gestattet.<\/p>\n<h3 style=\"color: #95bc3d;\">Fotos und technische Umsetzung:<\/h3>\n<p class=\"justify\">Claudiu Neusatz | <a href=\"http:\/\/www.neusatz.eu\" target=\"_blank\" rel=\"noopener\">www.neusatz.eu<\/a><\/p>\n<div class=\"fusion-clearfix\"><\/div>\n\n\t\t\t<\/div>\n\t\t<\/div><\/div><\/div><div  class=\"fusion-fullwidth fullwidth-box nonhundred-percent-fullwidth\"  style='background-color: rgba(255,255,255,0);background-position: center center;background-repeat: no-repeat;padding-top:20px;padding-right:0px;padding-bottom:20px;padding-left:0px;'><div class=\"fusion-builder-row fusion-row \"><div  class=\"fusion-layout-column fusion_builder_column fusion_builder_column_1_1  fusion-one-full fusion-column-first fusion-column-last 1_1\"  style='margin-top:0px;margin-bottom:30px;'>\n\t\t\t<div class=\"fusion-column-wrapper\" style=\"background-position:left top;background-repeat:no-repeat;-webkit-background-size:cover;-moz-background-size:cover;-o-background-size:cover;background-size:cover;\"  data-bg-url=\"\">\n\t\t\t\t<h1 style=\"text-align: center;\">Datenschutz<\/h1>\n<div class=\"fusion-clearfix\"><\/div>\n\n\t\t\t<\/div>\n\t\t<\/div><\/div><\/div><div  class=\"fusion-fullwidth fullwidth-box nonhundred-percent-fullwidth\"  style='background-color: rgba(255,255,255,0);background-position: center center;background-repeat: no-repeat;padding-top:20px;padding-right:0px;padding-bottom:20px;padding-left:0px;'><div class=\"fusion-builder-row fusion-row \"><div  class=\"fusion-layout-column fusion_builder_column fusion_builder_column_2_5  fusion-two-fifth fusion-column-first 2_5\"  style='margin-top:0px;margin-bottom:30px;width:40%;width:calc(40% - ( ( 4% ) * 0.4 ) );margin-right: 4%;'>\n\t\t\t<div class=\"fusion-column-wrapper\" style=\"background-position:left top;background-repeat:no-repeat;-webkit-background-size:cover;-moz-background-size:cover;-o-background-size:cover;background-size:cover;\"  data-bg-url=\"\">\n\t\t\t\t<h3 style=\"color: #95bc3d;\">Anbieter und verantwortliche Stelle im Sinne des Datenschutzgesetzes:<\/h3>\n<p><strong>Die Knielinger Physiotherapie<\/strong><\/p>\n<p>Sudetenstra\u00dfe 59<br \/>\n76187 Karlsruhe<br \/>\nTel: 0721-82 00 33 33<br \/>\nFax: 0721-82 00 33 55<\/p>\n<p>Saarlandstrasse 74<br \/>\n76187 Karlsruhe<br \/>\nTel: 0721-56 31 44<br \/>\nFax: 0721-956 39 63<\/p>\n<p><strong>EMail:<\/strong>\u00a0info(at)knielingerphysiotherapie.de<br \/>\n<strong>Internet:<\/strong>\u00a0www.knielingerphysiotherapie.de<\/p>\n<p><strong>Inhaber:<\/strong> Dirk Bechtold &amp; Kirsten M\u00fcllersch\u00f6n<\/p>\n<p><b>Datenschutz:\u00a0<\/b>dsb@knielingerphysiotherapie.de<\/p>\n<h3 style=\"color: #95bc3d;\"><\/h3>\n<div class=\"fusion-clearfix\"><\/div>\n\n\t\t\t<\/div>\n\t\t<\/div><div  class=\"fusion-layout-column fusion_builder_column fusion_builder_column_3_5  fusion-three-fifth fusion-column-last 3_5\"  style='margin-top:0px;margin-bottom:30px;width:60%;width:calc(60% - ( ( 4% ) * 0.6 ) );'>\n\t\t\t<div class=\"fusion-column-wrapper\" style=\"background-position:left top;background-repeat:no-repeat;-webkit-background-size:cover;-moz-background-size:cover;-o-background-size:cover;background-size:cover;\"  data-bg-url=\"\">\n\t\t\t\t<h3 style=\"color: #95bc3d;\">DATENSCHUTZERKL\u00c4RUNG:<\/h3>\n<h5>1.\u00a0Geltungsbereich:<\/h5>\n<p class=\"justify\">Nutzer erhalten mit dieser Datenschutzerkl\u00e4rung Information \u00fcber die Art, den Umfang und Zweck der Erhebung und Verwendung ihrer Daten durch den verantwortlichen Anbieter erhoben und verwendet werden.<br \/>\nDen rechtlichen Rahmen f\u00fcr den Datenschutz bilden das Bundesdatenschutzgesetz (BDSG) und das Telemediengesetz (TMG).<\/p>\n<h5>2.\u00a0Kontaktformular:<\/h5>\n<p class=\"justify\">Wenn Sie uns \u00fcber das Onlineformular oder per E-Mail kontaktieren, speichern wir die von Ihnen gemachten Angaben, um Ihre Anfrage beantworten und m\u00f6gliche Anschlussfragen stellen zu k\u00f6nnen.<\/p>\n<h5>3. Einbindung von Diensten und Inhalten Dritter:<\/h5>\n<p class=\"justify\">Unser Angebot umfasst mitunter Inhalte, Dienste und Leistungen anderer Anbieter. Das sind zum Beispiel Karten, die von Google-Maps zur Verf\u00fcgung gestellt werden, Videos von YouTube sowie Grafiken und Bilder anderer Webseiten. Damit diese Daten im Browser des Nutzers aufgerufen und dargestellt werden k\u00f6nnen, ist die \u00dcbermittlung der IP-Adresse zwingend notwendig. Die Anbieter (im Folgenden als \u201eDritt-Anbieter\u201c bezeichnet) nehmen also die IP-Adresse des jeweiligen Nutzers wahr.<br \/>\nAuch wenn wir bem\u00fcht sind, ausschlie\u00dflich Dritt-Anbieter zu nutzen, welche die IP-Adresse nur ben\u00f6tigen, um Inhalte ausliefern zu k\u00f6nnen, haben wir keinen Einfluss darauf, ob die IP-Adresse m\u00f6glicherweise gespeichert wird. Dieser Vorgang dient in dem Fall unter anderem statistischen Zwecken. Sofern wir Kenntnis davon haben, dass die IP-Adresse gespeichert wird, weisen wir unsere Nutzer darauf hin.<\/p>\n<h5>4. Datensparsamkeit:<\/h5>\n<p class=\"justify\">Personenbezogene Daten speichern wir gem\u00e4\u00df den Grunds\u00e4tzen der Datenvermeidung und Datensparsamkeit nur so lange, wie es erforderlich ist oder vom Gesetzgeber her vorgeschrieben wird (gesetzliche Speicherfrist). Entf\u00e4llt der Zweck der erhobenen Informationen oder endet die Speicherfrist, sperren oder l\u00f6schen wir die Daten.<\/p>\n<h5>5. Ihre Rechte auf Auskunft, Berichtigung, Sperre, L\u00f6schung und Widerspruch:<\/h5>\n<p>Sie haben das Recht, auf Antrag unentgeltlich eine Auskunft, \u00fcber die bei uns gespeicherten personenbezogenen Daten, anzufordern und\/oder eine Berichtigung, Sperrung oder L\u00f6schung zu verlangen. Ausnahmen: Es handelt sich um die vorgeschriebene Datenspeicherung zur Gesch\u00e4ftsabwicklung oder die Daten unterliegen der gesetzlichen Aufbewahrungspflicht.<\/p>\n<p>F\u00fcr diese Zwecke kontaktieren Sie bitte unseren Datenschutzbeauftragen.<\/p>\n<p class=\"justify\">Um eine Datensperre jederzeit ber\u00fccksichtigen zu k\u00f6nnen, ist es erforderlich, die Daten f\u00fcr Kontrollzwecke in einer Sperrdatei vorzuhalten. Besteht keine gesetzliche Archivierungspflicht, k\u00f6nnen Sie auch die L\u00f6schung der Daten verlangen. Anderenfalls sperren wir die Daten, sofern Sie dies w\u00fcnschen.<\/p>\n<h5>6.\u00a0\u00c4nderung unserer Datenschutzerkl\u00e4rung:<\/h5>\n<p>Um zu gew\u00e4hrleisten, dass unsere Datenschutzerkl\u00e4rung stets den aktuellen gesetzlichen Vorgaben entspricht, behalten wir uns jederzeit \u00c4nderungen vor. Das gilt auch f\u00fcr den Fall, dass die Datenschutzerkl\u00e4rung aufgrund neuer oder \u00fcberarbeiteter Leistungen, zum Beispiel neuer Serviceleistungen, angepasst werden muss. Die neue Datenschutzerkl\u00e4rung greift dann bei Ihrem n\u00e4chsten Besuch auf unserem Angebot.<\/p>\n<p><strong>Quelle:<\/strong> Datenschutz-Konfigurator von mein-datenschutzbeauftragter.de<\/p>\n<h3 style=\"color: #95bc3d;\"><\/h3>\n<div class=\"fusion-clearfix\"><\/div>\n\n\t\t\t<\/div>\n\t\t<\/div><\/div><\/div><div class=\"fusion-bg-parallax\"  data-bg-align=\"center center\" data-direction=\"right\" data-mute=\"false\" data-opacity=\"100\" data-velocity=\"-0.5\" data-mobile-enabled=\"false\" data-break_parents=\"0\" data-bg-image=\"http:\/\/knielingerphysiotherapie.de\/cms\/wp-content\/uploads\/2015\/12\/make-an-appointment.jpg\" data-bg-repeat=\"false\" data-bg-height=\"\" data-bg-width=\"\"><\/div><div  class=\"fusion-fullwidth fullwidth-box fusion-parallax-right nonhundred-percent-fullwidth fusion-equal-height-columns\"  style='background-color: rgba(255,255,255,0);background-image: url(\"http:\/\/knielingerphysiotherapie.de\/cms\/wp-content\/uploads\/2015\/12\/make-an-appointment.jpg\");background-position: center center;background-repeat: no-repeat;padding-top:130px;padding-right:0px;padding-bottom:110px;padding-left:0px;border-top-width:0px;border-bottom-width:0px;border-color:#eae9e9;border-top-style:solid;border-bottom-style:solid;-webkit-background-size:cover;-moz-background-size:cover;-o-background-size:cover;background-size:cover;background-attachment:right;'><div class=\"fusion-builder-row fusion-row \"><div  class=\"fusion-layout-column fusion_builder_column fusion_builder_column_3_5  fusion-three-fifth fusion-column-first 3_5\"  style='margin-top:0px;margin-bottom:30px;width:58.4%; margin-right: 4%;'>\n\t\t\t<div class=\"fusion-column-wrapper\" style=\"background-position:left top;background-repeat:no-repeat;-webkit-background-size:cover;-moz-background-size:cover;-o-background-size:cover;background-size:cover;\"  data-bg-url=\"\">\n\t\t\t\t<h2 style=\"color: #ffffff; text-align: left;\">Kontakieren Sie uns<\/h2>\n<h3 style=\"color: #fcfcfc; text-align: left;\">Wir sind f\u00fcr Sie da.<\/h3>\n<h3 style=\"color: #fcfcfc; text-align: left;\">An f\u00fcnf Tagen die Woche.<\/h3>\n<h3 style=\"color: #fcfcfc; text-align: left;\">In zwei Praxen.<\/h3>\n<div class=\"fusion-clearfix\"><\/div>\n\n\t\t\t<\/div>\n\t\t<\/div><div  class=\"fusion-layout-column fusion_builder_column fusion_builder_column_2_5  fusion-two-fifth fusion-column-last 2_5\"  style='margin-top:0px;margin-bottom:30px;width:37.6%'>\n\t\t\t<div class=\"fusion-column-wrapper\" style=\"background-position:left top;background-repeat:no-repeat;-webkit-background-size:cover;-moz-background-size:cover;-o-background-size:cover;background-size:cover;\"  data-bg-url=\"\">\n\t\t\t\t<div class=\"fusion-column-content-centered\"><div class=\"fusion-column-content\"><div class=\"fusion-button-wrappercenter\"><style type=\"text\/css\" scoped=\"scoped\">.fusion-button.button-1 .fusion-button-text, .fusion-button.button-1 i {color:#6e9a1f;}.fusion-button.button-1 {border-width:0px;border-color:#6e9a1f;}.fusion-button.button-1 .fusion-button-icon-divider{border-color:#6e9a1f;}.fusion-button.button-1:hover .fusion-button-text, .fusion-button.button-1:hover i,.fusion-button.button-1:focus .fusion-button-text, .fusion-button.button-1:focus i,.fusion-button.button-1:active .fusion-button-text, .fusion-button.button-1:active{color:#638e1a;}.fusion-button.button-1:hover, .fusion-button.button-1:focus, .fusion-button.button-1:active{border-width:0px;border-color:#638e1a;}.fusion-button.button-1:hover .fusion-button-icon-divider, .fusion-button.button-1:hover .fusion-button-icon-divider, .fusion-button.button-1:active .fusion-button-icon-divider{border-color:#638e1a;}.fusion-button.button-1{width:100%;}<\/style><a class=\"fusion-button button-flat button-round button-xlarge button-default button-1\" target=\"_self\" href=\"http:\/\/knielingerphysiotherapie.de\/cms\/kontakt\"><span class=\"fusion-button-text\">KONTAKT AUFNEHMEN<\/span><\/a><\/div><\/div><\/div><div class=\"fusion-clearfix\"><\/div>\n\n\t\t\t<\/div>\n\t\t<\/div><\/div><\/div><\/p>\n","protected":false},"excerpt":{"rendered":"","protected":false},"author":1,"featured_media":0,"parent":0,"menu_order":0,"comment_status":"closed","ping_status":"closed","template":"100-width.php","meta":{"footnotes":""},"_links":{"self":[{"href":"https:\/\/knielingerphysiotherapie.de\/cms\/wp-json\/wp\/v2\/pages\/1102"}],"collection":[{"href":"https:\/\/knielingerphysiotherapie.de\/cms\/wp-json\/wp\/v2\/pages"}],"about":[{"href":"https:\/\/knielingerphysiotherapie.de\/cms\/wp-json\/wp\/v2\/types\/page"}],"author":[{"embeddable":true,"href":"https:\/\/knielingerphysiotherapie.de\/cms\/wp-json\/wp\/v2\/users\/1"}],"replies":[{"embeddable":true,"href":"https:\/\/knielingerphysiotherapie.de\/cms\/wp-json\/wp\/v2\/comments?post=1102"}],"version-history":[{"count":65,"href":"https:\/\/knielingerphysiotherapie.de\/cms\/wp-json\/wp\/v2\/pages\/1102\/revisions"}],"predecessor-version":[{"id":2456,"href":"https:\/\/knielingerphysiotherapie.de\/cms\/wp-json\/wp\/v2\/pages\/1102\/revisions\/2456"}],"wp:attachment":[{"href":"https:\/\/knielingerphysiotherapie.de\/cms\/wp-json\/wp\/v2\/media?parent=1102"}],"curies":[{"name":"wp","href":"https:\/\/api.w.org\/{rel}","templated":true}]}}