{"id":1419,"date":"2016-12-10T14:32:18","date_gmt":"2016-12-10T13:32:18","guid":{"rendered":"http:\/\/knielingerphysiotherapie.de\/cms\/?page_id=1419"},"modified":"2023-06-12T20:36:25","modified_gmt":"2023-06-12T18:36:25","slug":"wohlfuehlprogramm","status":"publish","type":"page","link":"https:\/\/knielingerphysiotherapie.de\/cms\/wohlfuehlprogramm\/","title":{"rendered":"Wohlf\u00fchlprogramm"},"content":{"rendered":"<p><div class=\"fusion-bg-parallax\"  data-bg-align=\"left top\" data-direction=\"right\" data-mute=\"false\" data-opacity=\"100\" data-velocity=\"-0.3\" data-mobile-enabled=\"false\" data-break_parents=\"0\" data-bg-image=\"http:\/\/knielingerphysiotherapie.de\/cms\/wp-content\/uploads\/2016\/12\/header-wohlfuehlprogramm.jpg\" data-bg-repeat=\"false\" data-bg-height=\"\" data-bg-width=\"\"><\/div><div  class=\"fusion-fullwidth fullwidth-box fusion-parallax-right nonhundred-percent-fullwidth\"  style='background-color: rgba(255,255,255,0);background-image: url(\"http:\/\/knielingerphysiotherapie.de\/cms\/wp-content\/uploads\/2016\/12\/header-wohlfuehlprogramm.jpg\");background-position: left top;background-repeat: no-repeat;padding-top:20px;padding-right:0px;padding-bottom:20px;padding-left:0px;-webkit-background-size:cover;-moz-background-size:cover;-o-background-size:cover;background-size:cover;background-attachment:right;'><div class=\"fusion-builder-row fusion-row \"><div  class=\"fusion-layout-column fusion_builder_column fusion_builder_column_1_1  fusion-one-full fusion-column-first fusion-column-last 1_1\"  style='margin-top:0px;margin-bottom:30px;'>\n\t\t\t<div class=\"fusion-column-wrapper\" style=\"padding: 620px 0px 0px 0px;background-position:left top;background-repeat:no-repeat;-webkit-background-size:cover;-moz-background-size:cover;-o-background-size:cover;background-size:cover;\"  data-bg-url=\"\">\n\t\t\t\t<div class=\"fusion-clearfix\"><\/div>\n\n\t\t\t<\/div>\n\t\t<\/div><\/div><\/div><div  class=\"fusion-fullwidth fullwidth-box nonhundred-percent-fullwidth\"  style='background-color: rgba(255,255,255,0);background-position: center center;background-repeat: no-repeat;padding-top:0px;padding-right:0px;padding-bottom:0px;padding-left:0px;'><div class=\"fusion-builder-row fusion-row \"><div  class=\"fusion-layout-column fusion_builder_column fusion_builder_column_1_1  fusion-one-full fusion-column-first fusion-column-last 1_1\"  style='margin-top:100px;margin-bottom:30px;'>\n\t\t\t<div class=\"fusion-column-wrapper\" style=\"background-position:left top;background-repeat:no-repeat;-webkit-background-size:cover;-moz-background-size:cover;-o-background-size:cover;background-size:cover;\"  data-bg-url=\"\">\n\t\t\t\t<h1 style=\"text-align: center;\">Unser Wohlf\u00fchlprogramm<\/h1>\n<div class=\"fusion-clearfix\"><\/div>\n\n\t\t\t<\/div>\n\t\t<\/div><\/div><\/div><div  class=\"fusion-fullwidth fullwidth-box nonhundred-percent-fullwidth\"  style='background-color: rgba(255,255,255,0);background-position: center center;background-repeat: no-repeat;padding-top:20px;padding-right:0px;padding-bottom:20px;padding-left:0px;'><div class=\"fusion-builder-row fusion-row \"><div  data-animationType=fadeInLeft data-animationDuration=0.5 data-animationOffset=100% class=\"fusion-layout-column fusion_builder_column fusion_builder_column_1_2  fusion-one-half fusion-column-first fusion-animated 1_2\"  style='margin-top:0px;margin-bottom:30px;width:50%;width:calc(50% - ( ( 4% ) * 0.5 ) );margin-right: 4%;'>\n\t\t\t<div class=\"fusion-column-wrapper\" style=\"background-position:left top;background-repeat:no-repeat;-webkit-background-size:cover;-moz-background-size:cover;-o-background-size:cover;background-size:cover;\"  data-bg-url=\"\">\n\t\t\t\t<style type='text\/css'>.reading-box-container-1 .element-bottomshadow:before,.reading-box-container-1 .element-bottomshadow:after{opacity:0.7;}<\/style><div class=\"fusion-reading-box-container reading-box-container-1\" style=\"margin-top:0px;margin-bottom:84px;\"><div class=\"reading-box element-bottomshadow\" style=\"background-color:#f6f6f6;border-width:5px;border-color:#f6f6f6;border-top-width:5px;border-top-color:#a0ce4e;border-style:solid;\"><h2>Wohlf\u00fchl-Basis<\/h2><div class=\"reading-box-additional\">\n<p>R\u00fcckenmassage mit Aroma\u00f6l (ca. 30 Min.)<br \/>\nGanzk\u00f6rpermassage mit Aroma\u00f6l (ca. 60 Min.)<br \/>\nFu\u00dfreflexzonen Entspannungsmassage (ca. 30 Min.)<\/p>\n<\/div><\/div><\/div><div class=\"fusion-clearfix\"><\/div>\n\n\t\t\t<\/div>\n\t\t<\/div><div  data-animationType=fadeInRight data-animationDuration=0.5 data-animationOffset=100% class=\"fusion-layout-column fusion_builder_column fusion_builder_column_1_2  fusion-one-half fusion-column-last fusion-animated 1_2\"  style='margin-top:0px;margin-bottom:30px;width:50%;width:calc(50% - ( ( 4% ) * 0.5 ) );'>\n\t\t\t<div class=\"fusion-column-wrapper\" style=\"background-position:left top;background-repeat:no-repeat;-webkit-background-size:cover;-moz-background-size:cover;-o-background-size:cover;background-size:cover;\"  data-bg-url=\"\">\n\t\t\t\t<style type='text\/css'>.reading-box-container-2 .element-bottomshadow:before,.reading-box-container-2 .element-bottomshadow:after{opacity:0.7;}<\/style><div class=\"fusion-reading-box-container reading-box-container-2\" style=\"margin-top:0px;margin-bottom:84px;\"><div class=\"reading-box element-bottomshadow\" style=\"background-color:#f6f6f6;border-width:5px;border-color:#f6f6f6;border-top-width:5px;border-top-color:#a0ce4e;border-style:solid;\"><h2>Wohlf\u00fchl-Relax<\/h2><div class=\"reading-box-additional\">\n<p><span style=\"color: #95bc3d;\">RELAX IT<\/span> (ca. 30 Min.)<br \/>\nR\u00fcckenmassage mit Aroma\u00f6l<br \/>\nund W\u00e4rme<\/p>\n<p><span style=\"color: #95bc3d;\">CLEOPATRA<\/span> (ca. 60 Min.)<br \/>\nR\u00fcckenmassage mit Aroma\u00f6l<br \/>\ninkl. Gesichtsmassage<\/p>\n<p><span style=\"color: #95bc3d;\">ALOHA<\/span> (ca. 60 Min.)<br \/>\nR\u00fcckenmassage mit Aroma\u00f6l<br \/>\ninkl. Fu\u00dfreflexzonenmassage<\/p>\n<\/div><\/div><\/div><div class=\"fusion-clearfix\"><\/div>\n\n\t\t\t<\/div>\n\t\t<\/div><div  class=\"fusion-layout-column fusion_builder_column fusion_builder_column_1_1  fusion-one-full fusion-column-first fusion-column-last 1_1\"  style='margin-top:0px;margin-bottom:30px;'>\n\t\t\t<div class=\"fusion-column-wrapper\" style=\"background-position:left top;background-repeat:no-repeat;-webkit-background-size:cover;-moz-background-size:cover;-o-background-size:cover;background-size:cover;\"  data-bg-url=\"\">\n\t\t\t\t<style type='text\/css'>.reading-box-container-3 .element-bottomshadow:before,.reading-box-container-3 .element-bottomshadow:after{opacity:0.7;}<\/style><div class=\"fusion-reading-box-container reading-box-container-3 fusion-animated\" data-animationType=\"fadeInUp\" data-animationDuration=\"0.3\" data-animationOffset=\"100%\" style=\"margin-top:0px;margin-bottom:84px;\"><div class=\"reading-box element-bottomshadow\" style=\"background-color:#f6f6f6;border-width:5px;border-color:#f6f6f6;border-top-width:5px;border-top-color:#a0ce4e;border-style:solid;\"><h2>Wohlf\u00fchl-Exklusiv<\/h2><div class=\"reading-box-additional\">\n<p><span style=\"color: #95bc3d;\">AROMA WELLNESS GANZK\u00d6RPERMASSAGE<\/span> (ca. 60 Min.)<br \/>\nMassage ist so alt wie die Menschheit selbst. Warme, geschmeidige H\u00e4nde werden gebraucht, um das Wohlgef\u00fchl zu vermitteln, das beim Massieren entsteht. Die Heilkraft der Ber\u00fchrung ist \u00fcberall bekannt und inzwischen wissenschaftlich bewiesen. Bei dieser Ganzk\u00f6rpermassage wird das erw\u00e4rmte Massage\u00f6l mit \u00e4therischen \u00d6len angereichert. Lassen Sie sich sanft in die Welt der Harmonie entf\u00fchren.<\/p>\n<p><span style=\"color: #95bc3d;\">HOT STONE WELLNESS-MASSAGE <\/span>(ca. 60 Min.)<br \/>\nSchon seit Urzeiten werden Steine als Kultsymbol verehrt. Genauso wie die Pole der Erde haben Steine ebenfalls geomagnetische Eigenschaften. Jahrtausende in der Erde eingebettet haben sie sich wie die Pole positiv und negativ aufgeladen. F\u00fcr die Therapie werden nat\u00fcrlich geformte und abgerundete Basaltsteine auf zirka 40 &#8211; 60 Grad erhitzt. Mit ihnen wird der mit \u00d6l einbalsamierte K\u00f6rper massiert. Die Hot-Stone-Anwendung verleiht dem K\u00f6rper ein hohes Wohlgef\u00fchl an Tiefenentspannung und Beruhigung. Sie regt die Blutzirkulation an und unterst\u00fctzt den Lymphfluss. Verspannungen im weichen Gewebe und in den Meridianen werden gelockert, das Yin verst\u00e4rkt, das Yang reduziert. Erleben Sie ein v\u00f6llig neues K\u00f6rpergef\u00fchl durch Belebung der Seele und des Geistes.<\/p>\n<\/div><\/div><\/div><div class=\"fusion-clearfix\"><\/div>\n\n\t\t\t<\/div>\n\t\t<\/div><\/div><\/div><div class=\"fusion-bg-parallax\"  data-bg-align=\"center center\" data-direction=\"up\" data-mute=\"false\" data-opacity=\"100\" data-velocity=\"-0.3\" data-mobile-enabled=\"false\" data-break_parents=\"0\" data-bg-image=\"http:\/\/knielingerphysiotherapie.de\/cms\/wp-content\/uploads\/2016\/12\/oele.jpg\" data-bg-repeat=\"false\" data-bg-height=\"\" data-bg-width=\"\"><\/div><div  class=\"fusion-fullwidth fullwidth-box fusion-parallax-up nonhundred-percent-fullwidth\"  style='background-color: rgba(255,255,255,0);background-image: url(\"http:\/\/knielingerphysiotherapie.de\/cms\/wp-content\/uploads\/2016\/12\/oele.jpg\");background-position: center center;background-repeat: no-repeat;padding-top:215px;padding-right:0px;padding-bottom:200px;padding-left:0px;-webkit-background-size:cover;-moz-background-size:cover;-o-background-size:cover;background-size:cover;background-attachment:up;'><div class=\"fusion-builder-row fusion-row \"><div  data-animationType=fadeInLeft data-animationDuration=0.5 data-animationOffset=100% class=\"fusion-layout-column fusion_builder_column fusion_builder_column_1_1  fusion-one-full fusion-column-first fusion-column-last fusion-animated 1_1\"  style='margin-top:0px;margin-bottom:30px;'>\n\t\t\t<div class=\"fusion-column-wrapper\" style=\"background-position:left top;background-repeat:no-repeat;-webkit-background-size:cover;-moz-background-size:cover;-o-background-size:cover;background-size:cover;\"  data-bg-url=\"\">\n\t\t\t\t<style type='text\/css'>.reading-box-container-4 .element-bottomshadow:before,.reading-box-container-4 .element-bottomshadow:after{opacity:0.7;}<\/style><div class=\"fusion-reading-box-container reading-box-container-4 fusion-no-small-visibility fusion-animated\" data-animationType=\"fadeInUp\" data-animationDuration=\"0.3\" data-animationOffset=\"100%\" style=\"margin-top:0px;margin-bottom:84px;\"><div class=\"reading-box reading-box-center element-bottomshadow\" style=\"background-color:rgba(246,246,246,0.9);border-width:5px;border-color:#f6f6f6;border-top-width:5px;border-top-color:#a0ce4e;border-style:solid;\"><h2>Achten Sie auf unsere<\/h2><div class=\"reading-box-additional\">\n<h1 style=\"text-align: center;\"><span style=\"color: #ff6600;\">AKTIONSANGEBOTE<\/span><\/h1>\n<\/div><\/div><\/div><div class=\"fusion-clearfix\"><\/div>\n\n\t\t\t<\/div>\n\t\t<\/div><\/div><\/div><div  class=\"fusion-fullwidth fullwidth-box nonhundred-percent-fullwidth\"  style='background-color: rgba(149,188,61,0);background-position: center center;background-repeat: no-repeat;padding-top:150px;padding-right:0px;padding-bottom:150px;padding-left:0px;'><div class=\"fusion-builder-row fusion-row \"><div  class=\"fusion-layout-column fusion_builder_column fusion_builder_column_1_1  fusion-one-full fusion-column-first fusion-column-last 1_1\"  style='margin-top:0px;margin-bottom:30px;'>\n\t\t\t<div class=\"fusion-column-wrapper\" style=\"background-position:left top;background-repeat:no-repeat;-webkit-background-size:cover;-moz-background-size:cover;-o-background-size:cover;background-size:cover;\"  data-bg-url=\"\">\n\t\t\t\t<h2 style=\"text-align: center;\">Genie\u00dfen Sie Entspannung und Vitalit\u00e4t.<\/h2>\n<h3 style=\"text-align: center;\">Auch <span style=\"color: #95bc3d;\">Geschenkgutscheine<\/span> Ihrer Wahl erhalten Sie in unserer Praxis 2.0<\/h3>\n<div class=\"fusion-clearfix\"><\/div>\n\n\t\t\t<\/div>\n\t\t<\/div><\/div><\/div><div class=\"fusion-bg-parallax\"  data-bg-align=\"center center\" data-direction=\"right\" data-mute=\"false\" data-opacity=\"100\" data-velocity=\"-0.5\" data-mobile-enabled=\"false\" data-break_parents=\"0\" data-bg-image=\"http:\/\/knielingerphysiotherapie.de\/cms\/wp-content\/uploads\/2015\/12\/make-an-appointment.jpg\" data-bg-repeat=\"false\" data-bg-height=\"\" data-bg-width=\"\"><\/div><div  class=\"fusion-fullwidth fullwidth-box fusion-parallax-right nonhundred-percent-fullwidth fusion-equal-height-columns\"  style='background-color: rgba(255,255,255,0);background-image: url(\"http:\/\/knielingerphysiotherapie.de\/cms\/wp-content\/uploads\/2015\/12\/make-an-appointment.jpg\");background-position: center center;background-repeat: no-repeat;padding-top:130px;padding-right:0px;padding-bottom:110px;padding-left:0px;border-top-width:0px;border-bottom-width:0px;border-color:#eae9e9;border-top-style:solid;border-bottom-style:solid;-webkit-background-size:cover;-moz-background-size:cover;-o-background-size:cover;background-size:cover;background-attachment:right;'><div class=\"fusion-builder-row fusion-row \"><div  class=\"fusion-layout-column fusion_builder_column fusion_builder_column_3_5  fusion-three-fifth fusion-column-first 3_5\"  style='margin-top:0px;margin-bottom:30px;width:58.4%; margin-right: 4%;'>\n\t\t\t<div class=\"fusion-column-wrapper\" style=\"background-position:left top;background-repeat:no-repeat;-webkit-background-size:cover;-moz-background-size:cover;-o-background-size:cover;background-size:cover;\"  data-bg-url=\"\">\n\t\t\t\t<h2 style=\"color: #ffffff; text-align: left;\">Kontakieren Sie uns<\/h2>\n<h3 style=\"color: #fcfcfc; text-align: left;\">Wir sind f\u00fcr Sie da.<\/h3>\n<h3 style=\"color: #fcfcfc; text-align: left;\">An f\u00fcnf Tagen die Woche.<\/h3>\n<h3 style=\"color: #fcfcfc; text-align: left;\">In zwei Praxen.<\/h3>\n<div class=\"fusion-clearfix\"><\/div>\n\n\t\t\t<\/div>\n\t\t<\/div><div  class=\"fusion-layout-column fusion_builder_column fusion_builder_column_2_5  fusion-two-fifth fusion-column-last 2_5\"  style='margin-top:0px;margin-bottom:30px;width:37.6%'>\n\t\t\t<div class=\"fusion-column-wrapper\" style=\"background-position:left top;background-repeat:no-repeat;-webkit-background-size:cover;-moz-background-size:cover;-o-background-size:cover;background-size:cover;\"  data-bg-url=\"\">\n\t\t\t\t<div class=\"fusion-column-content-centered\"><div class=\"fusion-column-content\"><div class=\"fusion-button-wrappercenter\"><style type=\"text\/css\" scoped=\"scoped\">.fusion-button.button-1 .fusion-button-text, .fusion-button.button-1 i {color:#6e9a1f;}.fusion-button.button-1 {border-width:0px;border-color:#6e9a1f;}.fusion-button.button-1 .fusion-button-icon-divider{border-color:#6e9a1f;}.fusion-button.button-1:hover .fusion-button-text, .fusion-button.button-1:hover i,.fusion-button.button-1:focus .fusion-button-text, .fusion-button.button-1:focus i,.fusion-button.button-1:active .fusion-button-text, .fusion-button.button-1:active{color:#638e1a;}.fusion-button.button-1:hover, .fusion-button.button-1:focus, .fusion-button.button-1:active{border-width:0px;border-color:#638e1a;}.fusion-button.button-1:hover .fusion-button-icon-divider, .fusion-button.button-1:hover .fusion-button-icon-divider, .fusion-button.button-1:active .fusion-button-icon-divider{border-color:#638e1a;}.fusion-button.button-1{width:100%;}<\/style><a class=\"fusion-button button-flat button-round button-xlarge button-default button-1\" target=\"_self\" href=\"http:\/\/knielingerphysiotherapie.de\/cms\/kontakt\"><span class=\"fusion-button-text\">KONTAKT AUFNEHMEN<\/span><\/a><\/div><\/div><\/div><div class=\"fusion-clearfix\"><\/div>\n\n\t\t\t<\/div>\n\t\t<\/div><\/div><\/div><div  class=\"fusion-fullwidth fullwidth-box fusion-parallax-none nonhundred-percent-fullwidth\"  style='background-color: rgba(255,255,255,0);background-image: url(\"http:\/\/knielingerphysiotherapie.de\/cms\/wp-content\/uploads\/2015\/12\/rgb-gradient-bar-for-logo-carrasel.jpg\");background-position: center center;background-repeat: no-repeat;padding-top:20px;padding-right:0px;padding-bottom:20px;padding-left:0px;-webkit-background-size:cover;-moz-background-size:cover;-o-background-size:cover;background-size:cover;background-attachment:none;'><div class=\"fusion-builder-row fusion-row \"><div  class=\"fusion-layout-column fusion_builder_column fusion_builder_column_1_1  fusion-one-full fusion-column-first fusion-column-last 1_1\"  style='margin-top:0px;margin-bottom:30px;'>\n\t\t\t<div class=\"fusion-column-wrapper\" style=\"background-position:left top;background-repeat:no-repeat;-webkit-background-size:cover;-moz-background-size:cover;-o-background-size:cover;background-size:cover;\"  data-bg-url=\"\">\n\t\t\t\t<div class=\"fusion-image-carousel fusion-image-carousel-auto\"><div class=\"fusion-carousel\" data-autoplay=\"yes\" data-columns=\"4\" data-itemmargin=\"30\" data-itemwidth=\"180\" data-touchscroll=\"yes\" data-imagesize=\"auto\" data-scrollitems=\"1\"><div class=\"fusion-carousel-positioner\"><ul class=\"fusion-carousel-holder\"><li class=\"fusion-carousel-item\"><div class=\"fusion-carousel-item-wrapper\"><div class=\"fusion-image-wrapper hover-type-none\"><img decoding=\"async\" src=\"http:\/\/knielingerphysiotherapie.de\/cms\/wp-content\/uploads\/2015\/12\/kg-300x254.png\" alt=\"\"\/><\/div><\/div><\/li><li class=\"fusion-carousel-item\"><div class=\"fusion-carousel-item-wrapper\"><div class=\"fusion-image-wrapper hover-type-none\"><img decoding=\"async\" src=\"http:\/\/knielingerphysiotherapie.de\/cms\/wp-content\/uploads\/2015\/12\/kg-am-geraet-300x254.png\" alt=\"\"\/><\/div><\/div><\/li><li class=\"fusion-carousel-item\"><div class=\"fusion-carousel-item-wrapper\"><div class=\"fusion-image-wrapper hover-type-none\"><img decoding=\"async\" src=\"http:\/\/knielingerphysiotherapie.de\/cms\/wp-content\/uploads\/2015\/12\/massagetherapie-300x254.png\" alt=\"\"\/><\/div><\/div><\/li><li class=\"fusion-carousel-item\"><div class=\"fusion-carousel-item-wrapper\"><div class=\"fusion-image-wrapper hover-type-none\"><img decoding=\"async\" src=\"http:\/\/knielingerphysiotherapie.de\/cms\/wp-content\/uploads\/2015\/12\/manuelle-therapie-300x254.png\" alt=\"\"\/><\/div><\/div><\/li><li class=\"fusion-carousel-item\"><div class=\"fusion-carousel-item-wrapper\"><div class=\"fusion-image-wrapper hover-type-none\"><img decoding=\"async\" src=\"http:\/\/knielingerphysiotherapie.de\/cms\/wp-content\/uploads\/2015\/12\/schlingentisch-300x254.png\" alt=\"\"\/><\/div><\/div><\/li><li class=\"fusion-carousel-item\"><div class=\"fusion-carousel-item-wrapper\"><div class=\"fusion-image-wrapper hover-type-none\"><img decoding=\"async\" src=\"http:\/\/knielingerphysiotherapie.de\/cms\/wp-content\/uploads\/2015\/12\/lymphdrainage-300x254.png\" alt=\"\"\/><\/div><\/div><\/li><li class=\"fusion-carousel-item\"><div class=\"fusion-carousel-item-wrapper\"><div class=\"fusion-image-wrapper hover-type-none\"><img decoding=\"async\" src=\"http:\/\/knielingerphysiotherapie.de\/cms\/wp-content\/uploads\/2015\/12\/kindertherapie-300x254.png\" alt=\"\"\/><\/div><\/div><\/li><li class=\"fusion-carousel-item\"><div class=\"fusion-carousel-item-wrapper\"><div class=\"fusion-image-wrapper hover-type-none\"><img decoding=\"async\" src=\"http:\/\/knielingerphysiotherapie.de\/cms\/wp-content\/uploads\/2015\/12\/bobath-300x254.png\" alt=\"\"\/><\/div><\/div><\/li><li class=\"fusion-carousel-item\"><div class=\"fusion-carousel-item-wrapper\"><div class=\"fusion-image-wrapper hover-type-none\"><img decoding=\"async\" src=\"http:\/\/knielingerphysiotherapie.de\/cms\/wp-content\/uploads\/2015\/12\/skoliosetherapie-300x254.png\" alt=\"\"\/><\/div><\/div><\/li><li class=\"fusion-carousel-item\"><div class=\"fusion-carousel-item-wrapper\"><div class=\"fusion-image-wrapper hover-type-none\"><img decoding=\"async\" src=\"http:\/\/knielingerphysiotherapie.de\/cms\/wp-content\/uploads\/2015\/12\/elektrotherapie-300x254.png\" alt=\"\"\/><\/div><\/div><\/li><li class=\"fusion-carousel-item\"><div class=\"fusion-carousel-item-wrapper\"><div class=\"fusion-image-wrapper hover-type-none\"><img decoding=\"async\" src=\"http:\/\/knielingerphysiotherapie.de\/cms\/wp-content\/uploads\/2016\/12\/waerme-kaeltetherapie.png\" alt=\"\"\/><\/div><\/div><\/li><li class=\"fusion-carousel-item\"><div class=\"fusion-carousel-item-wrapper\"><div class=\"fusion-image-wrapper hover-type-none\"><img decoding=\"async\" src=\"http:\/\/knielingerphysiotherapie.de\/cms\/wp-content\/uploads\/2015\/12\/kinesiotape-300x254.png\" alt=\"\"\/><\/div><\/div><\/li><li class=\"fusion-carousel-item\"><div class=\"fusion-carousel-item-wrapper\"><div class=\"fusion-image-wrapper hover-type-none\"><img decoding=\"async\" src=\"http:\/\/knielingerphysiotherapie.de\/cms\/wp-content\/uploads\/2015\/12\/cmd-300x254.png\" alt=\"\"\/><\/div><\/div><\/li><li class=\"fusion-carousel-item\"><div class=\"fusion-carousel-item-wrapper\"><div class=\"fusion-image-wrapper hover-type-none\"><img decoding=\"async\" src=\"http:\/\/knielingerphysiotherapie.de\/cms\/wp-content\/uploads\/2015\/12\/hausbesuche-300x254.png\" alt=\"\"\/><\/div><\/div><\/li><li class=\"fusion-carousel-item\"><div class=\"fusion-carousel-item-wrapper\"><div class=\"fusion-image-wrapper hover-type-none\"><img decoding=\"async\" src=\"http:\/\/knielingerphysiotherapie.de\/cms\/wp-content\/uploads\/2015\/12\/wohlfuehlprogramm-300x254.png\" alt=\"\"\/><\/div><\/div><\/li><li class=\"fusion-carousel-item\"><div class=\"fusion-carousel-item-wrapper\"><div class=\"fusion-image-wrapper hover-type-none\"><img decoding=\"async\" src=\"http:\/\/knielingerphysiotherapie.de\/cms\/wp-content\/uploads\/2015\/12\/gutscheine-300x254.png\" alt=\"\"\/><\/div><\/div><\/li><\/ul><\/div><\/div><\/div><div class=\"fusion-clearfix\"><\/div>\n\n\t\t\t<\/div>\n\t\t<\/div><\/div><\/div><\/p>\n","protected":false},"excerpt":{"rendered":"","protected":false},"author":1,"featured_media":0,"parent":0,"menu_order":0,"comment_status":"closed","ping_status":"closed","template":"100-width.php","meta":{"footnotes":""},"_links":{"self":[{"href":"https:\/\/knielingerphysiotherapie.de\/cms\/wp-json\/wp\/v2\/pages\/1419"}],"collection":[{"href":"https:\/\/knielingerphysiotherapie.de\/cms\/wp-json\/wp\/v2\/pages"}],"about":[{"href":"https:\/\/knielingerphysiotherapie.de\/cms\/wp-json\/wp\/v2\/types\/page"}],"author":[{"embeddable":true,"href":"https:\/\/knielingerphysiotherapie.de\/cms\/wp-json\/wp\/v2\/users\/1"}],"replies":[{"embeddable":true,"href":"https:\/\/knielingerphysiotherapie.de\/cms\/wp-json\/wp\/v2\/comments?post=1419"}],"version-history":[{"count":37,"href":"https:\/\/knielingerphysiotherapie.de\/cms\/wp-json\/wp\/v2\/pages\/1419\/revisions"}],"predecessor-version":[{"id":2431,"href":"https:\/\/knielingerphysiotherapie.de\/cms\/wp-json\/wp\/v2\/pages\/1419\/revisions\/2431"}],"wp:attachment":[{"href":"https:\/\/knielingerphysiotherapie.de\/cms\/wp-json\/wp\/v2\/media?parent=1419"}],"curies":[{"name":"wp","href":"https:\/\/api.w.org\/{rel}","templated":true}]}}