{"id":1714,"date":"2017-05-31T22:32:00","date_gmt":"2017-05-31T20:32:00","guid":{"rendered":"http:\/\/knielingerphysiotherapie.de\/cms\/?page_id=1714"},"modified":"2023-01-17T20:26:46","modified_gmt":"2023-01-17T19:26:46","slug":"stellenangebote","status":"publish","type":"page","link":"https:\/\/knielingerphysiotherapie.de\/cms\/team\/stellenangebote\/","title":{"rendered":"Stellenangebote"},"content":{"rendered":"<p><div class=\"fusion-bg-parallax\"  data-bg-align=\"left top\" data-direction=\"right\" data-mute=\"false\" data-opacity=\"100\" data-velocity=\"-0.3\" data-mobile-enabled=\"false\" data-break_parents=\"0\" data-bg-image=\"http:\/\/knielingerphysiotherapie.de\/cms\/wp-content\/uploads\/2015\/12\/shirt-gruen.jpg\" data-bg-repeat=\"false\" data-bg-height=\"\" data-bg-width=\"\"><\/div><div  class=\"fusion-fullwidth fullwidth-box fusion-parallax-right nonhundred-percent-fullwidth\"  style='background-color: rgba(255,255,255,0);background-image: url(\"http:\/\/knielingerphysiotherapie.de\/cms\/wp-content\/uploads\/2015\/12\/shirt-gruen.jpg\");background-position: left top;background-repeat: no-repeat;padding-top:20px;padding-right:0px;padding-bottom:20px;padding-left:0px;-webkit-background-size:cover;-moz-background-size:cover;-o-background-size:cover;background-size:cover;background-attachment:right;'><div class=\"fusion-builder-row fusion-row \"><div  class=\"fusion-layout-column fusion_builder_column fusion_builder_column_1_1  fusion-one-full fusion-column-first fusion-column-last 1_1\"  style='margin-top:0px;margin-bottom:30px;'>\n\t\t\t<div class=\"fusion-column-wrapper\" style=\"padding: 620px 0px 0px 0px;background-position:left top;background-repeat:no-repeat;-webkit-background-size:cover;-moz-background-size:cover;-o-background-size:cover;background-size:cover;\"  data-bg-url=\"\">\n\t\t\t\t<div class=\"fusion-clearfix\"><\/div>\n\n\t\t\t<\/div>\n\t\t<\/div><\/div><\/div><div  class=\"fusion-fullwidth fullwidth-box nonhundred-percent-fullwidth\"  style='background-color: rgba(255,255,255,0);background-position: center center;background-repeat: no-repeat;padding-top:0px;padding-right:0px;padding-bottom:0px;padding-left:0px;'><div class=\"fusion-builder-row fusion-row \"><div  class=\"fusion-layout-column fusion_builder_column fusion_builder_column_1_1  fusion-one-full fusion-column-first fusion-column-last 1_1\"  style='margin-top:0px;margin-bottom:30px;'>\n\t\t\t<div class=\"fusion-column-wrapper\" style=\"background-position:left top;background-repeat:no-repeat;-webkit-background-size:cover;-moz-background-size:cover;-o-background-size:cover;background-size:cover;\"  data-bg-url=\"\">\n\t\t\t\t<h1 style=\"text-align: center;\">Stellenangebote<\/h1>\n<p style=\"text-align: center;\">Sie w\u00fcrden gerne\u00a0<strong>Teil unseres Teams<\/strong> werden? Hier finden Sie unsere aktuellen Stellenausschreibungen.<\/p>\n<div class=\"fusion-clearfix\"><\/div>\n\n\t\t\t<\/div>\n\t\t<\/div><\/div><\/div><div id=\"zeile-1\"><div  class=\"fusion-fullwidth fullwidth-box nonhundred-percent-fullwidth\"  style='background-color: rgba(255,255,255,0);background-position: center center;background-repeat: no-repeat;padding-top:120px;padding-right:0px;padding-bottom:0px;padding-left:0px;'><div class=\"fusion-builder-row fusion-row \"><div  data-animationType=fadeInLeft data-animationDuration=0.5 data-animationOffset=100% class=\"fusion-layout-column fusion_builder_column fusion_builder_column_1_2  fusion-one-half fusion-column-first fusion-animated 1_2\"  style='margin-top:0px;margin-bottom:30px;width:50%;width:calc(50% - ( ( 4% ) * 0.5 ) );margin-right: 4%;'>\n\t\t\t<div class=\"fusion-column-wrapper\" style=\"background-position:left top;background-repeat:no-repeat;-webkit-background-size:cover;-moz-background-size:cover;-o-background-size:cover;background-size:cover;\"  data-bg-url=\"\">\n\t\t\t\t<style type='text\/css'>.reading-box-container-1 .element-bottomshadow:before,.reading-box-container-1 .element-bottomshadow:after{opacity:0.7;}<\/style><div class=\"fusion-reading-box-container reading-box-container-1\" style=\"margin-top:0px;margin-bottom:84px;\"><div class=\"reading-box element-bottomshadow\" style=\"background-color:#f6f6f6;border-width:5px;border-color:#f6f6f6;border-top-width:5px;border-top-color:#a0ce4e;border-style:solid;\"><h2>Hier steht der Mensch im Mittelpunkt!<\/h2><div class=\"reading-box-description\">16.01.2023<\/div><div class=\"reading-box-additional\">\n<p><a href=\"https:\/\/www.indeedjobs.com\/die-knielinger-physiotherapie\/jobs\/5d591d93c3744acef231\">https:\/\/www.indeedjobs.com\/die-knielinger-physiotherapie\/jobs\/5d591d93c3744acef231<\/a><\/p>\n<p><strong>Physiotherapeut\/in gesucht<\/strong><\/p>\n<p>Sie sind auf der Suche nach einer neuen Herausforderung oder einer Ver\u00e4nderung?<\/p>\n<p>Haben Sie gerade das Staatsexamen abgelegt und m\u00f6chten endlich loslegen?<\/p>\n<p>Egal welchen Grund Sie haben, bei uns gibt es die M\u00f6glichkeit dazu!<\/p>\n<p>Ob in den Bereichen Physiotherapie, Training, Kursangebote oder der Betrieblichen Gesundheitsf\u00f6rderung, als Gesundheitsdienstleister haben wir einiges zu Bieten.<\/p>\n<p>Hierbei k\u00f6nnen Sie sich ganz auf Ihre Kernkompetenzen konzentrieren, denn die Verwaltung, Terminvergabe, Abrechnung und \u00c4hnliches wird von unserem starken Team an der Anmeldung \u00fcbernommen.<\/p>\n<p>Bringen Sie sich in unser bestehendes, sympathisches und motiviertes Team ein und werden Sie ein Teil davon.<\/p>\n<p>Auf \u00fcber 700 qm, verteilt auf zwei Praxen, stehen Ihnen alle M\u00f6glichkeiten offen. Eigene Ideen bei Kursen, Workshops oder speziellen Anwendungen sind gerne gesehen und lassen sich bei uns verwirklichen.<\/p>\n<p>Wir unterst\u00fctzen Ihre Fortbildungen und Zertifikatskurse finanziell und fachlich und bieten Ihnen interne Aufstiegsm\u00f6glichkeiten im Unternehmen, sowie verschiedene Verg\u00fctungsmodelle.<\/p>\n<p>Wir freuen uns auf Ihre Kontaktaufnahme.<\/p>\n<p>Die Knielinger Physiotherapie<br \/>\nSaarlandstr. 74<br \/>\n76187 Karlsruhe<br \/>\nTel. 0721 &#8211; 563144<\/p>\n<p>Die Knielinger Physiotherapie 2.0<br \/>\nSudetenstr. 59<br \/>\n76187 Karlsruhe<br \/>\nTel. 0721 &#8211; 82003333<\/p>\n<p>E-Mail:\u00a0<u>info(at)knielingerphysiotherapie.de<\/u><\/p>\n<\/div><\/div><\/div><div class=\"fusion-clearfix\"><\/div>\n\n\t\t\t<\/div>\n\t\t<\/div><div  data-animationType=fadeInLeft data-animationDuration=0.5 data-animationOffset=100% class=\"fusion-layout-column fusion_builder_column fusion_builder_column_1_2  fusion-one-half fusion-column-last fusion-animated 1_2\"  style='margin-top:0px;margin-bottom:30px;width:50%;width:calc(50% - ( ( 4% ) * 0.5 ) );'>\n\t\t\t<div class=\"fusion-column-wrapper\" style=\"background-position:left top;background-repeat:no-repeat;-webkit-background-size:cover;-moz-background-size:cover;-o-background-size:cover;background-size:cover;\"  data-bg-url=\"\">\n\t\t\t\t<style type='text\/css'>.reading-box-container-2 .element-bottomshadow:before,.reading-box-container-2 .element-bottomshadow:after{opacity:0.7;}<\/style><div class=\"fusion-reading-box-container reading-box-container-2\" style=\"margin-top:0px;margin-bottom:84px;\"><div class=\"reading-box element-bottomshadow\" style=\"background-color:#f6f6f6;border-width:5px;border-color:#f6f6f6;border-top-width:5px;border-top-color:#a0ce4e;border-style:solid;\"><h2>Maximale Flexibilit\u00e4t<\/h2><div class=\"reading-box-description\">16.01.2023<\/div><div class=\"reading-box-additional\">\n<p><strong>Physiotherapeut\/in Voll-oder Teilzeit gesucht!<\/strong><\/p>\n<p>Neuanfang, Wiedereinstieg oder Ver\u00e4nderung?<\/p>\n<p>Hier gibt es die M\u00f6glichkeit dazu.<\/p>\n<p>Wir suchen f\u00fcr die Betreuung von unseren Patienten zu Hause, sowie in zwei Seniorenzentren in Karlsruhe-West eine\/n Physiotherapeutin\/ten.<\/p>\n<p>Eigenst\u00e4ndiges Arbeiten sowie Koordinieren und dennoch in engem Kontakt zur Praxis, den \u00c4rzten und der Heimleitung sowie dem Pflegepersonal zu stehen, stellt bei dieser Stelle die Herausforderung dar.<\/p>\n<p>Wir unterst\u00fctzen Ihre Fortbildungen und Zertifikatskurse finanziell und fachlich und bieten Ihnen interne Aufstiegsm\u00f6glichkeiten im Unternehmen, sowie verschiedene Verg\u00fctungsmodelle.<\/p>\n<p>Gerne vereinbaren wir ein pers\u00f6nliches Kennenlernen.<\/p>\n<p>Die Knielinger Physiotherapie<br \/>\nSaarlandstr. 74<br \/>\n76187 Karlsruhe<br \/>\nTel. 0721 &#8211; 563144<\/p>\n<p>Die Knielinger Physiotherapie 2.0<br \/>\nSudetenstr. 59<br \/>\n76187 Karlsruhe<br \/>\nTel. 0721 &#8211; 82003333<\/p>\n<p>E-Mail: <u>info(at)knielingerphysiotherapie.de<\/u><\/p>\n<\/div><\/div><\/div><div class=\"fusion-clearfix\"><\/div>\n\n\t\t\t<\/div>\n\t\t<\/div><\/div><\/div><\/div><div id=\"zeile-1\"><div  class=\"fusion-fullwidth fullwidth-box nonhundred-percent-fullwidth\"  style='background-color: rgba(255,255,255,0);background-position: center center;background-repeat: no-repeat;padding-top:120px;padding-right:0px;padding-bottom:0px;padding-left:0px;'><div class=\"fusion-builder-row fusion-row \"><\/div><\/div><\/div><div class=\"fusion-bg-parallax\"  data-bg-align=\"center center\" data-direction=\"right\" data-mute=\"false\" data-opacity=\"100\" data-velocity=\"-0.5\" data-mobile-enabled=\"false\" data-break_parents=\"0\" data-bg-image=\"http:\/\/knielingerphysiotherapie.de\/cms\/wp-content\/uploads\/2015\/12\/make-an-appointment.jpg\" data-bg-repeat=\"false\" data-bg-height=\"\" data-bg-width=\"\"><\/div><div  class=\"fusion-fullwidth fullwidth-box fusion-parallax-right nonhundred-percent-fullwidth fusion-equal-height-columns\"  style='background-color: rgba(255,255,255,0);background-image: url(\"http:\/\/knielingerphysiotherapie.de\/cms\/wp-content\/uploads\/2015\/12\/make-an-appointment.jpg\");background-position: center center;background-repeat: no-repeat;padding-top:130px;padding-right:0px;padding-bottom:110px;padding-left:0px;border-top-width:0px;border-bottom-width:0px;border-color:#eae9e9;border-top-style:solid;border-bottom-style:solid;-webkit-background-size:cover;-moz-background-size:cover;-o-background-size:cover;background-size:cover;background-attachment:right;'><div class=\"fusion-builder-row fusion-row \"><div  class=\"fusion-layout-column fusion_builder_column fusion_builder_column_3_5  fusion-three-fifth fusion-column-first 3_5\"  style='margin-top:0px;margin-bottom:30px;width:58.4%; margin-right: 4%;'>\n\t\t\t<div class=\"fusion-column-wrapper\" style=\"background-position:left top;background-repeat:no-repeat;-webkit-background-size:cover;-moz-background-size:cover;-o-background-size:cover;background-size:cover;\"  data-bg-url=\"\">\n\t\t\t\t<h2 style=\"color: #ffffff; text-align: left;\">Kontakieren Sie uns<\/h2>\n<h3 style=\"color: #fcfcfc; text-align: left;\">Wir sind f\u00fcr Sie da.<\/h3>\n<h3 style=\"color: #fcfcfc; text-align: left;\">An f\u00fcnf Tagen die Woche.<\/h3>\n<h3 style=\"color: #fcfcfc; text-align: left;\">In zwei Praxen.<\/h3>\n<div class=\"fusion-clearfix\"><\/div>\n\n\t\t\t<\/div>\n\t\t<\/div><div  class=\"fusion-layout-column fusion_builder_column fusion_builder_column_2_5  fusion-two-fifth fusion-column-last 2_5\"  style='margin-top:0px;margin-bottom:30px;width:37.6%'>\n\t\t\t<div class=\"fusion-column-wrapper\" style=\"background-position:left top;background-repeat:no-repeat;-webkit-background-size:cover;-moz-background-size:cover;-o-background-size:cover;background-size:cover;\"  data-bg-url=\"\">\n\t\t\t\t<div class=\"fusion-column-content-centered\"><div class=\"fusion-column-content\"><div class=\"fusion-button-wrappercenter\"><style type=\"text\/css\" scoped=\"scoped\">.fusion-button.button-1 .fusion-button-text, .fusion-button.button-1 i {color:#6e9a1f;}.fusion-button.button-1 {border-width:0px;border-color:#6e9a1f;}.fusion-button.button-1 .fusion-button-icon-divider{border-color:#6e9a1f;}.fusion-button.button-1:hover .fusion-button-text, .fusion-button.button-1:hover i,.fusion-button.button-1:focus .fusion-button-text, .fusion-button.button-1:focus i,.fusion-button.button-1:active .fusion-button-text, .fusion-button.button-1:active{color:#638e1a;}.fusion-button.button-1:hover, .fusion-button.button-1:focus, .fusion-button.button-1:active{border-width:0px;border-color:#638e1a;}.fusion-button.button-1:hover .fusion-button-icon-divider, .fusion-button.button-1:hover .fusion-button-icon-divider, .fusion-button.button-1:active .fusion-button-icon-divider{border-color:#638e1a;}.fusion-button.button-1{width:100%;}<\/style><a class=\"fusion-button button-flat button-round button-xlarge button-default button-1\" target=\"_self\" href=\"http:\/\/knielingerphysiotherapie.de\/cms\/kontakt\"><span class=\"fusion-button-text\">KONTAKT AUFNEHMEN<\/span><\/a><\/div><\/div><\/div><div class=\"fusion-clearfix\"><\/div>\n\n\t\t\t<\/div>\n\t\t<\/div><\/div><\/div><div  class=\"fusion-fullwidth fullwidth-box fusion-parallax-none nonhundred-percent-fullwidth\"  style='background-color: rgba(255,255,255,0);background-image: url(\"http:\/\/knielingerphysiotherapie.de\/cms\/wp-content\/uploads\/2015\/12\/rgb-gradient-bar-for-logo-carrasel.jpg\");background-position: center center;background-repeat: no-repeat;padding-top:20px;padding-right:0px;padding-bottom:20px;padding-left:0px;-webkit-background-size:cover;-moz-background-size:cover;-o-background-size:cover;background-size:cover;background-attachment:none;'><div class=\"fusion-builder-row fusion-row \"><div  class=\"fusion-layout-column fusion_builder_column fusion_builder_column_1_1  fusion-one-full fusion-column-first fusion-column-last 1_1\"  style='margin-top:0px;margin-bottom:30px;'>\n\t\t\t<div class=\"fusion-column-wrapper\" style=\"background-position:left top;background-repeat:no-repeat;-webkit-background-size:cover;-moz-background-size:cover;-o-background-size:cover;background-size:cover;\"  data-bg-url=\"\">\n\t\t\t\t<div class=\"fusion-image-carousel fusion-image-carousel-auto\"><div class=\"fusion-carousel\" data-autoplay=\"yes\" data-columns=\"4\" data-itemmargin=\"30\" data-itemwidth=\"180\" data-touchscroll=\"yes\" data-imagesize=\"auto\" data-scrollitems=\"1\"><div class=\"fusion-carousel-positioner\"><ul class=\"fusion-carousel-holder\"><li class=\"fusion-carousel-item\"><div class=\"fusion-carousel-item-wrapper\"><div class=\"fusion-image-wrapper hover-type-none\"><img decoding=\"async\" src=\"http:\/\/knielingerphysiotherapie.de\/cms\/wp-content\/uploads\/2015\/12\/kg-300x254.png\" alt=\"\"\/><\/div><\/div><\/li><li class=\"fusion-carousel-item\"><div class=\"fusion-carousel-item-wrapper\"><div class=\"fusion-image-wrapper hover-type-none\"><img decoding=\"async\" src=\"http:\/\/knielingerphysiotherapie.de\/cms\/wp-content\/uploads\/2015\/12\/kg-am-geraet-300x254.png\" alt=\"\"\/><\/div><\/div><\/li><li class=\"fusion-carousel-item\"><div class=\"fusion-carousel-item-wrapper\"><div class=\"fusion-image-wrapper hover-type-none\"><img decoding=\"async\" src=\"http:\/\/knielingerphysiotherapie.de\/cms\/wp-content\/uploads\/2015\/12\/massagetherapie-300x254.png\" alt=\"\"\/><\/div><\/div><\/li><li class=\"fusion-carousel-item\"><div class=\"fusion-carousel-item-wrapper\"><div class=\"fusion-image-wrapper hover-type-none\"><img decoding=\"async\" src=\"http:\/\/knielingerphysiotherapie.de\/cms\/wp-content\/uploads\/2015\/12\/manuelle-therapie-300x254.png\" alt=\"\"\/><\/div><\/div><\/li><li class=\"fusion-carousel-item\"><div class=\"fusion-carousel-item-wrapper\"><div class=\"fusion-image-wrapper hover-type-none\"><img decoding=\"async\" src=\"http:\/\/knielingerphysiotherapie.de\/cms\/wp-content\/uploads\/2015\/12\/schlingentisch-300x254.png\" alt=\"\"\/><\/div><\/div><\/li><li class=\"fusion-carousel-item\"><div class=\"fusion-carousel-item-wrapper\"><div class=\"fusion-image-wrapper hover-type-none\"><img decoding=\"async\" src=\"http:\/\/knielingerphysiotherapie.de\/cms\/wp-content\/uploads\/2015\/12\/lymphdrainage-300x254.png\" alt=\"\"\/><\/div><\/div><\/li><li class=\"fusion-carousel-item\"><div class=\"fusion-carousel-item-wrapper\"><div class=\"fusion-image-wrapper hover-type-none\"><img decoding=\"async\" src=\"http:\/\/knielingerphysiotherapie.de\/cms\/wp-content\/uploads\/2015\/12\/kindertherapie-300x254.png\" alt=\"\"\/><\/div><\/div><\/li><li class=\"fusion-carousel-item\"><div class=\"fusion-carousel-item-wrapper\"><div class=\"fusion-image-wrapper hover-type-none\"><img decoding=\"async\" src=\"http:\/\/knielingerphysiotherapie.de\/cms\/wp-content\/uploads\/2015\/12\/bobath-300x254.png\" alt=\"\"\/><\/div><\/div><\/li><li class=\"fusion-carousel-item\"><div class=\"fusion-carousel-item-wrapper\"><div class=\"fusion-image-wrapper hover-type-none\"><img decoding=\"async\" src=\"http:\/\/knielingerphysiotherapie.de\/cms\/wp-content\/uploads\/2015\/12\/skoliosetherapie-300x254.png\" alt=\"\"\/><\/div><\/div><\/li><li class=\"fusion-carousel-item\"><div class=\"fusion-carousel-item-wrapper\"><div class=\"fusion-image-wrapper hover-type-none\"><img decoding=\"async\" src=\"http:\/\/knielingerphysiotherapie.de\/cms\/wp-content\/uploads\/2015\/12\/elektrotherapie-300x254.png\" alt=\"\"\/><\/div><\/div><\/li><li class=\"fusion-carousel-item\"><div class=\"fusion-carousel-item-wrapper\"><div class=\"fusion-image-wrapper hover-type-none\"><img decoding=\"async\" src=\"http:\/\/knielingerphysiotherapie.de\/cms\/wp-content\/uploads\/2016\/12\/waerme-kaeltetherapie.png\" alt=\"\"\/><\/div><\/div><\/li><li class=\"fusion-carousel-item\"><div class=\"fusion-carousel-item-wrapper\"><div class=\"fusion-image-wrapper hover-type-none\"><img decoding=\"async\" src=\"http:\/\/knielingerphysiotherapie.de\/cms\/wp-content\/uploads\/2015\/12\/kinesiotape-300x254.png\" alt=\"\"\/><\/div><\/div><\/li><li class=\"fusion-carousel-item\"><div class=\"fusion-carousel-item-wrapper\"><div class=\"fusion-image-wrapper hover-type-none\"><img decoding=\"async\" src=\"http:\/\/knielingerphysiotherapie.de\/cms\/wp-content\/uploads\/2015\/12\/cmd-300x254.png\" alt=\"\"\/><\/div><\/div><\/li><li class=\"fusion-carousel-item\"><div class=\"fusion-carousel-item-wrapper\"><div class=\"fusion-image-wrapper hover-type-none\"><img decoding=\"async\" src=\"http:\/\/knielingerphysiotherapie.de\/cms\/wp-content\/uploads\/2015\/12\/hausbesuche-300x254.png\" alt=\"\"\/><\/div><\/div><\/li><li class=\"fusion-carousel-item\"><div class=\"fusion-carousel-item-wrapper\"><div class=\"fusion-image-wrapper hover-type-none\"><img decoding=\"async\" src=\"http:\/\/knielingerphysiotherapie.de\/cms\/wp-content\/uploads\/2015\/12\/wohlfuehlprogramm-300x254.png\" alt=\"\"\/><\/div><\/div><\/li><li class=\"fusion-carousel-item\"><div class=\"fusion-carousel-item-wrapper\"><div class=\"fusion-image-wrapper hover-type-none\"><img decoding=\"async\" src=\"http:\/\/knielingerphysiotherapie.de\/cms\/wp-content\/uploads\/2015\/12\/gutscheine-300x254.png\" alt=\"\"\/><\/div><\/div><\/li><\/ul><\/div><\/div><\/div><div class=\"fusion-clearfix\"><\/div>\n\n\t\t\t<\/div>\n\t\t<\/div><\/div><\/div><\/p>\n","protected":false},"excerpt":{"rendered":"","protected":false},"author":1,"featured_media":0,"parent":7,"menu_order":0,"comment_status":"closed","ping_status":"closed","template":"100-width.php","meta":{"footnotes":""},"_links":{"self":[{"href":"https:\/\/knielingerphysiotherapie.de\/cms\/wp-json\/wp\/v2\/pages\/1714"}],"collection":[{"href":"https:\/\/knielingerphysiotherapie.de\/cms\/wp-json\/wp\/v2\/pages"}],"about":[{"href":"https:\/\/knielingerphysiotherapie.de\/cms\/wp-json\/wp\/v2\/types\/page"}],"author":[{"embeddable":true,"href":"https:\/\/knielingerphysiotherapie.de\/cms\/wp-json\/wp\/v2\/users\/1"}],"replies":[{"embeddable":true,"href":"https:\/\/knielingerphysiotherapie.de\/cms\/wp-json\/wp\/v2\/comments?post=1714"}],"version-history":[{"count":24,"href":"https:\/\/knielingerphysiotherapie.de\/cms\/wp-json\/wp\/v2\/pages\/1714\/revisions"}],"predecessor-version":[{"id":2412,"href":"https:\/\/knielingerphysiotherapie.de\/cms\/wp-json\/wp\/v2\/pages\/1714\/revisions\/2412"}],"up":[{"embeddable":true,"href":"https:\/\/knielingerphysiotherapie.de\/cms\/wp-json\/wp\/v2\/pages\/7"}],"wp:attachment":[{"href":"https:\/\/knielingerphysiotherapie.de\/cms\/wp-json\/wp\/v2\/media?parent=1714"}],"curies":[{"name":"wp","href":"https:\/\/api.w.org\/{rel}","templated":true}]}}