{"id":1891,"date":"2018-04-24T12:30:25","date_gmt":"2018-04-24T10:30:25","guid":{"rendered":"http:\/\/knielingerphysiotherapie.de\/cms\/?page_id=1891"},"modified":"2026-01-03T17:08:04","modified_gmt":"2026-01-03T16:08:04","slug":"medizinisches-fitnesstraining","status":"publish","type":"page","link":"https:\/\/knielingerphysiotherapie.de\/cms\/praevention-und-training\/medizinisches-fitnesstraining\/","title":{"rendered":"Medizinisches Fitnesstraining"},"content":{"rendered":"<p><div class=\"fusion-bg-parallax\"  data-bg-align=\"left top\" data-direction=\"right\" data-mute=\"false\" data-opacity=\"100\" data-velocity=\"-0.3\" data-mobile-enabled=\"false\" data-break_parents=\"0\" data-bg-image=\"http:\/\/knielingerphysiotherapie.de\/cms\/wp-content\/uploads\/2015\/12\/header-artikel.jpg\" data-bg-repeat=\"false\" data-bg-height=\"\" data-bg-width=\"\"><\/div><div  class=\"fusion-fullwidth fullwidth-box fusion-parallax-right nonhundred-percent-fullwidth\"  style='background-color: rgba(255,255,255,0);background-image: url(\"http:\/\/knielingerphysiotherapie.de\/cms\/wp-content\/uploads\/2015\/12\/header-artikel.jpg\");background-position: left top;background-repeat: no-repeat;padding-top:20px;padding-right:0px;padding-bottom:20px;padding-left:0px;-webkit-background-size:cover;-moz-background-size:cover;-o-background-size:cover;background-size:cover;background-attachment:right;'><div class=\"fusion-builder-row fusion-row \"><div  class=\"fusion-layout-column fusion_builder_column fusion_builder_column_1_1  fusion-one-full fusion-column-first fusion-column-last 1_1\"  style='margin-top:0px;margin-bottom:30px;'>\n\t\t\t<div class=\"fusion-column-wrapper\" style=\"padding: 620px 0px 0px 0px;background-position:left top;background-repeat:no-repeat;-webkit-background-size:cover;-moz-background-size:cover;-o-background-size:cover;background-size:cover;\"  data-bg-url=\"\">\n\t\t\t\t<div class=\"fusion-clearfix\"><\/div>\n\n\t\t\t<\/div>\n\t\t<\/div><\/div><\/div><div  class=\"fusion-fullwidth fullwidth-box nonhundred-percent-fullwidth\"  style='background-color: rgba(255,255,255,0);background-position: center center;background-repeat: no-repeat;padding-top:20px;padding-right:0px;padding-bottom:20px;padding-left:0px;'><div class=\"fusion-builder-row fusion-row \"><div  class=\"fusion-layout-column fusion_builder_column fusion_builder_column_1_1  fusion-one-full fusion-column-first fusion-column-last 1_1\"  style='margin-top:0px;margin-bottom:30px;'>\n\t\t\t<div class=\"fusion-column-wrapper\" style=\"background-position:left top;background-repeat:no-repeat;-webkit-background-size:cover;-moz-background-size:cover;-o-background-size:cover;background-size:cover;\"  data-bg-url=\"\">\n\t\t\t\t<h4><a href=\"http:\/\/knielingerphysiotherapie.de\/cms\/praevention-und-training\/\"><i class=\"fa fa-chevron-circle-left\"> zur\u00fcck<\/i><\/a><\/h4>\n<h1 style=\"text-align: center;\">Medizinisches Fitnesstraining<\/h1>\n<div class=\"fusion-sep-clear\"><\/div><div class=\"fusion-separator sep-single sep-solid\" style=\"border-color:#95bc3d;border-top-width:2px;margin-left: auto;margin-right: auto;margin-top:0px;margin-bottom:30px;width:100%;max-width:370px;\"><\/div><h3 style=\"text-align: justify;\">Medizinische Fitness muss nicht langweilig sein. In unserem Trainingsraum mit modernen Trainingsger\u00e4ten erm\u00f6glichen wir Ihnen ein individuelles Gesundheitsprogramm, bei dem Sie Beweglichkeit, Kraft, Koordination und Ausdauer f\u00fcr Ihren Alltag trainieren.<\/h3>\n<h3 style=\"text-align: justify;\">Voraussetzung f\u00fcr das Medizinische Fitnesstraining ist ein Eingangsgespr\u00e4ch, welches durch eine qualifizierte Fachkraft durchgef\u00fchrt wird. Gemeinsam definieren wir Ihre Ziele, die durch ein regelm\u00e4\u00dfiges Training erreicht werden k\u00f6nnen.<br \/>\nWir erstellen einen auf Ihre Bed\u00fcrfnisse abgestimmten und gesundheitsorientierten Trainingsplan, der neben dem medizinischen Ger\u00e4tetraining auch \u00dcbungen aus dem freien Training (z.B. Matten\u00fcbungen, Seilzug-, Hanteltraining) enthalten kann.<\/h3>\n<h3 style=\"text-align: justify;\">Unsere qualifizierten Fachkr\u00e4fte stehen Ihnen von Anfang an beratend zur Seite. Je nach Trainingsfortschritt sollte der Trainingsplan nach einer gewissen Zeit angepasst und aktualisiert werden.<br \/>\nWir sorgen daf\u00fcr, dass Sie weder unter- noch \u00fcberfordert werden, um ein effizientes und optimales Trainingsergebnis zu erzielen.<\/h3>\n<div class=\"fusion-builder-row fusion-builder-row-inner fusion-row \"><div  class=\"fusion-layout-column fusion_builder_column fusion_builder_column_1_3  fusion-one-third fusion-column-first fusion-one-third fusion-column-first 1_3\"  style='margin-top: 0px;margin-bottom: 30px;width:33.33%;width:calc(33.33% - ( ( 4% + 4% ) * 0.3333 ) );margin-right:4%;'>\n\t\t\t<div class=\"fusion-column-wrapper\" style=\"background-position:left top;background-repeat:no-repeat;-webkit-background-size:cover;-moz-background-size:cover;-o-background-size:cover;background-size:cover;\"  data-bg-url=\"\">\n\t\t\t\t<div class=\"fusion-modal modal fade modal-1 modal-interesse\" tabindex=\"-1\" role=\"dialog\" aria-labelledby=\"modal-heading-1\" aria-hidden=\"true\"><style type=\"text\/css\">.modal-1 .modal-header, .modal-1 .modal-footer{border-color:#ebebeb;}<\/style><div class=\"modal-dialog modal-lg\"><div class=\"modal-content fusion-modal-content\" style=\"background-color:#f6f6f6\"><div class=\"modal-header\"><button class=\"close\" type=\"button\" data-dismiss=\"modal\" aria-hidden=\"true\">&times;<\/button><h3 class=\"modal-title\" id=\"modal-heading-1\" data-dismiss=\"modal\" aria-hidden=\"true\">Interesse geweckt?<\/h3><\/div><div class=\"modal-body\">\n<p style=\"display: inline !important;\">Vereinbaren Sie mit uns unter Tel.\u00a00721 \u2013 82 00 33 33 oder pers\u00f6nlich in Der Knielinger Physiotherapie 2.0 einen Termin.<\/p>\n<p>Als Einsteiger beginnen Sie mit unserem <strong>g\u00fcnstigen Startpaket \u00fcber eine 10er-Erstkarte<\/strong>, mit der Sie das Medizinische Fitnesstraining kennenlernen.<\/p>\n<p>Das Starterpaket beinhaltet folgende Leistungen:<\/p>\n<ul>\n<li>Eingangstest zur Feststellung Ihrer allgemeinen Ausdauer, Kraft, Koordination und Beweglichkeit<\/li>\n<li>Erstellen des pers\u00f6nlichen Trainingsplans<\/li>\n<li>gr\u00fcndliche Trainingseinweisung<\/li>\n<\/ul>\n<\/div><div class=\"modal-footer\"><a class=\"fusion-button button-default button-medium button default medium\" data-dismiss=\"modal\">Close<\/a><\/div><\/div><\/div><\/div>\n\n\t\t\t<\/div>\n\t\t<\/div><div  class=\"fusion-layout-column fusion_builder_column fusion_builder_column_1_3  fusion-one-third fusion-one-third 1_3\"  style='margin-top: 0px;margin-bottom: 30px;width:33.33%;width:calc(33.33% - ( ( 4% + 4% ) * 0.3333 ) );margin-right:4%;'>\n\t\t\t<div class=\"fusion-column-wrapper\" style=\"background-position:left top;background-repeat:no-repeat;-webkit-background-size:cover;-moz-background-size:cover;-o-background-size:cover;background-size:cover;\"  data-bg-url=\"\">\n\t\t\t\t<div class=\"fusion-button-wrapper\"><style type=\"text\/css\" scoped=\"scoped\">.fusion-button.button-1 .fusion-button-text, .fusion-button.button-1 i {color:#6e9a1f;}.fusion-button.button-1 {border-width:0px;border-color:#6e9a1f;}.fusion-button.button-1 .fusion-button-icon-divider{border-color:#6e9a1f;}.fusion-button.button-1:hover .fusion-button-text, .fusion-button.button-1:hover i,.fusion-button.button-1:focus .fusion-button-text, .fusion-button.button-1:focus i,.fusion-button.button-1:active .fusion-button-text, .fusion-button.button-1:active{color:#638e1a;}.fusion-button.button-1:hover, .fusion-button.button-1:focus, .fusion-button.button-1:active{border-width:0px;border-color:#638e1a;}.fusion-button.button-1:hover .fusion-button-icon-divider, .fusion-button.button-1:hover .fusion-button-icon-divider, .fusion-button.button-1:active .fusion-button-icon-divider{border-color:#638e1a;}.fusion-button.button-1{width:100%;}<\/style><a class=\"fusion-button button-flat button-round button-large button-default button-1\" target=\"_self\" href=\"#\" data-toggle=\"modal\" data-target=\".fusion-modal.modal-interesse\"><span class=\"fusion-button-text\">So werden Sie aktiv&#8230;<\/span><\/a><\/div>\n\n\t\t\t<\/div>\n\t\t<\/div><div  class=\"fusion-layout-column fusion_builder_column fusion_builder_column_1_3  fusion-one-third fusion-column-last fusion-one-third fusion-column-last 1_3\"  style='margin-top: 0px;margin-bottom: 30px;width:33.33%;width:calc(33.33% - ( ( 4% + 4% ) * 0.3333 ) );'>\n\t\t\t<div class=\"fusion-column-wrapper\" style=\"background-position:left top;background-repeat:no-repeat;-webkit-background-size:cover;-moz-background-size:cover;-o-background-size:cover;background-size:cover;\"  data-bg-url=\"\">\n\t\t\t\t\n\n\t\t\t<\/div>\n\t\t<\/div><\/div><div class=\"fusion-clearfix\"><\/div>\n\n\t\t\t<\/div>\n\t\t<\/div><\/div><\/div><div class=\"fusion-bg-parallax\"  data-bg-align=\"center center\" data-direction=\"right\" data-mute=\"false\" data-opacity=\"100\" data-velocity=\"-0.5\" data-mobile-enabled=\"false\" data-break_parents=\"0\" data-bg-image=\"http:\/\/knielingerphysiotherapie.de\/cms\/wp-content\/uploads\/2015\/12\/make-an-appointment.jpg\" data-bg-repeat=\"false\" data-bg-height=\"\" data-bg-width=\"\"><\/div><div  class=\"fusion-fullwidth fullwidth-box fusion-parallax-right nonhundred-percent-fullwidth fusion-equal-height-columns\"  style='background-color: rgba(255,255,255,0);background-image: url(\"http:\/\/knielingerphysiotherapie.de\/cms\/wp-content\/uploads\/2015\/12\/make-an-appointment.jpg\");background-position: center center;background-repeat: no-repeat;padding-top:130px;padding-right:0px;padding-bottom:110px;padding-left:0px;border-top-width:0px;border-bottom-width:0px;border-color:#eae9e9;border-top-style:solid;border-bottom-style:solid;-webkit-background-size:cover;-moz-background-size:cover;-o-background-size:cover;background-size:cover;background-attachment:right;'><div class=\"fusion-builder-row fusion-row \"><div  class=\"fusion-layout-column fusion_builder_column fusion_builder_column_3_5  fusion-three-fifth fusion-column-first 3_5\"  style='margin-top:0px;margin-bottom:30px;width:58.4%; margin-right: 4%;'>\n\t\t\t<div class=\"fusion-column-wrapper\" style=\"background-position:left top;background-repeat:no-repeat;-webkit-background-size:cover;-moz-background-size:cover;-o-background-size:cover;background-size:cover;\"  data-bg-url=\"\">\n\t\t\t\t<h2 style=\"color: #ffffff; text-align: left;\">Kontakieren Sie uns<\/h2>\n<h3 style=\"color: #fcfcfc; text-align: left;\">Wir sind f\u00fcr Sie da.<\/h3>\n<h3 style=\"color: #fcfcfc; text-align: left;\">An f\u00fcnf Tagen die Woche.<\/h3>\n<h3 style=\"color: #fcfcfc; text-align: left;\">In zwei Praxen.<\/h3>\n<div class=\"fusion-clearfix\"><\/div>\n\n\t\t\t<\/div>\n\t\t<\/div><div  class=\"fusion-layout-column fusion_builder_column fusion_builder_column_2_5  fusion-two-fifth fusion-column-last 2_5\"  style='margin-top:0px;margin-bottom:30px;width:37.6%'>\n\t\t\t<div class=\"fusion-column-wrapper\" style=\"background-position:left top;background-repeat:no-repeat;-webkit-background-size:cover;-moz-background-size:cover;-o-background-size:cover;background-size:cover;\"  data-bg-url=\"\">\n\t\t\t\t<div class=\"fusion-column-content-centered\"><div class=\"fusion-column-content\"><div class=\"fusion-button-wrappercenter\"><style type=\"text\/css\" scoped=\"scoped\">.fusion-button.button-2 .fusion-button-text, .fusion-button.button-2 i {color:#6e9a1f;}.fusion-button.button-2 {border-width:0px;border-color:#6e9a1f;}.fusion-button.button-2 .fusion-button-icon-divider{border-color:#6e9a1f;}.fusion-button.button-2:hover .fusion-button-text, .fusion-button.button-2:hover i,.fusion-button.button-2:focus .fusion-button-text, .fusion-button.button-2:focus i,.fusion-button.button-2:active .fusion-button-text, .fusion-button.button-2:active{color:#638e1a;}.fusion-button.button-2:hover, .fusion-button.button-2:focus, .fusion-button.button-2:active{border-width:0px;border-color:#638e1a;}.fusion-button.button-2:hover .fusion-button-icon-divider, .fusion-button.button-2:hover .fusion-button-icon-divider, .fusion-button.button-2:active .fusion-button-icon-divider{border-color:#638e1a;}.fusion-button.button-2{width:100%;}<\/style><a class=\"fusion-button button-flat button-round button-xlarge button-default button-2\" target=\"_self\" href=\"http:\/\/knielingerphysiotherapie.de\/cms\/kontakt\"><span class=\"fusion-button-text\">KONTAKT AUFNEHMEN<\/span><\/a><\/div><\/div><\/div><div class=\"fusion-clearfix\"><\/div>\n\n\t\t\t<\/div>\n\t\t<\/div><\/div><\/div><div  class=\"fusion-fullwidth fullwidth-box fusion-parallax-none nonhundred-percent-fullwidth\"  style='background-color: rgba(255,255,255,0);background-image: url(\"http:\/\/knielingerphysiotherapie.de\/cms\/wp-content\/uploads\/2015\/12\/rgb-gradient-bar-for-logo-carrasel.jpg\");background-position: center center;background-repeat: no-repeat;padding-top:20px;padding-right:0px;padding-bottom:20px;padding-left:0px;-webkit-background-size:cover;-moz-background-size:cover;-o-background-size:cover;background-size:cover;background-attachment:none;'><div class=\"fusion-builder-row fusion-row \"><div  class=\"fusion-layout-column fusion_builder_column fusion_builder_column_1_1  fusion-one-full fusion-column-first fusion-column-last 1_1\"  style='margin-top:0px;margin-bottom:30px;'>\n\t\t\t<div class=\"fusion-column-wrapper\" style=\"background-position:left top;background-repeat:no-repeat;-webkit-background-size:cover;-moz-background-size:cover;-o-background-size:cover;background-size:cover;\"  data-bg-url=\"\">\n\t\t\t\t<div class=\"fusion-image-carousel fusion-image-carousel-auto\"><div class=\"fusion-carousel\" data-autoplay=\"yes\" data-columns=\"4\" data-itemmargin=\"30\" data-itemwidth=\"180\" data-touchscroll=\"yes\" data-imagesize=\"auto\" data-scrollitems=\"1\"><div class=\"fusion-carousel-positioner\"><ul class=\"fusion-carousel-holder\"><li class=\"fusion-carousel-item\"><div class=\"fusion-carousel-item-wrapper\"><div class=\"fusion-image-wrapper hover-type-none\"><img decoding=\"async\" src=\"http:\/\/knielingerphysiotherapie.de\/cms\/wp-content\/uploads\/2015\/12\/kg-300x254.png\" alt=\"\"\/><\/div><\/div><\/li><li class=\"fusion-carousel-item\"><div class=\"fusion-carousel-item-wrapper\"><div class=\"fusion-image-wrapper hover-type-none\"><img decoding=\"async\" src=\"http:\/\/knielingerphysiotherapie.de\/cms\/wp-content\/uploads\/2015\/12\/kg-am-geraet-300x254.png\" alt=\"\"\/><\/div><\/div><\/li><li class=\"fusion-carousel-item\"><div class=\"fusion-carousel-item-wrapper\"><div class=\"fusion-image-wrapper hover-type-none\"><img decoding=\"async\" src=\"http:\/\/knielingerphysiotherapie.de\/cms\/wp-content\/uploads\/2015\/12\/massagetherapie-300x254.png\" alt=\"\"\/><\/div><\/div><\/li><li class=\"fusion-carousel-item\"><div class=\"fusion-carousel-item-wrapper\"><div class=\"fusion-image-wrapper hover-type-none\"><img decoding=\"async\" src=\"http:\/\/knielingerphysiotherapie.de\/cms\/wp-content\/uploads\/2015\/12\/manuelle-therapie-300x254.png\" alt=\"\"\/><\/div><\/div><\/li><li class=\"fusion-carousel-item\"><div class=\"fusion-carousel-item-wrapper\"><div class=\"fusion-image-wrapper hover-type-none\"><img decoding=\"async\" src=\"http:\/\/knielingerphysiotherapie.de\/cms\/wp-content\/uploads\/2015\/12\/schlingentisch-300x254.png\" alt=\"\"\/><\/div><\/div><\/li><li class=\"fusion-carousel-item\"><div class=\"fusion-carousel-item-wrapper\"><div class=\"fusion-image-wrapper hover-type-none\"><img decoding=\"async\" src=\"http:\/\/knielingerphysiotherapie.de\/cms\/wp-content\/uploads\/2015\/12\/lymphdrainage-300x254.png\" alt=\"\"\/><\/div><\/div><\/li><li class=\"fusion-carousel-item\"><div class=\"fusion-carousel-item-wrapper\"><div class=\"fusion-image-wrapper hover-type-none\"><img decoding=\"async\" src=\"http:\/\/knielingerphysiotherapie.de\/cms\/wp-content\/uploads\/2015\/12\/kindertherapie-300x254.png\" alt=\"\"\/><\/div><\/div><\/li><li class=\"fusion-carousel-item\"><div class=\"fusion-carousel-item-wrapper\"><div class=\"fusion-image-wrapper hover-type-none\"><img decoding=\"async\" src=\"http:\/\/knielingerphysiotherapie.de\/cms\/wp-content\/uploads\/2015\/12\/bobath-300x254.png\" alt=\"\"\/><\/div><\/div><\/li><li class=\"fusion-carousel-item\"><div class=\"fusion-carousel-item-wrapper\"><div class=\"fusion-image-wrapper hover-type-none\"><img decoding=\"async\" src=\"http:\/\/knielingerphysiotherapie.de\/cms\/wp-content\/uploads\/2015\/12\/skoliosetherapie-300x254.png\" alt=\"\"\/><\/div><\/div><\/li><li class=\"fusion-carousel-item\"><div class=\"fusion-carousel-item-wrapper\"><div class=\"fusion-image-wrapper hover-type-none\"><img decoding=\"async\" src=\"http:\/\/knielingerphysiotherapie.de\/cms\/wp-content\/uploads\/2015\/12\/elektrotherapie-300x254.png\" alt=\"\"\/><\/div><\/div><\/li><li class=\"fusion-carousel-item\"><div class=\"fusion-carousel-item-wrapper\"><div class=\"fusion-image-wrapper hover-type-none\"><img decoding=\"async\" src=\"http:\/\/knielingerphysiotherapie.de\/cms\/wp-content\/uploads\/2016\/12\/waerme-kaeltetherapie.png\" alt=\"\"\/><\/div><\/div><\/li><li class=\"fusion-carousel-item\"><div class=\"fusion-carousel-item-wrapper\"><div class=\"fusion-image-wrapper hover-type-none\"><img decoding=\"async\" src=\"http:\/\/knielingerphysiotherapie.de\/cms\/wp-content\/uploads\/2015\/12\/kinesiotape-300x254.png\" alt=\"\"\/><\/div><\/div><\/li><li class=\"fusion-carousel-item\"><div class=\"fusion-carousel-item-wrapper\"><div class=\"fusion-image-wrapper hover-type-none\"><img decoding=\"async\" src=\"http:\/\/knielingerphysiotherapie.de\/cms\/wp-content\/uploads\/2015\/12\/cmd-300x254.png\" alt=\"\"\/><\/div><\/div><\/li><li class=\"fusion-carousel-item\"><div class=\"fusion-carousel-item-wrapper\"><div class=\"fusion-image-wrapper hover-type-none\"><img decoding=\"async\" src=\"http:\/\/knielingerphysiotherapie.de\/cms\/wp-content\/uploads\/2015\/12\/hausbesuche-300x254.png\" alt=\"\"\/><\/div><\/div><\/li><li class=\"fusion-carousel-item\"><div class=\"fusion-carousel-item-wrapper\"><div class=\"fusion-image-wrapper hover-type-none\"><img decoding=\"async\" src=\"http:\/\/knielingerphysiotherapie.de\/cms\/wp-content\/uploads\/2015\/12\/wohlfuehlprogramm-300x254.png\" alt=\"\"\/><\/div><\/div><\/li><li class=\"fusion-carousel-item\"><div class=\"fusion-carousel-item-wrapper\"><div class=\"fusion-image-wrapper hover-type-none\"><img decoding=\"async\" src=\"http:\/\/knielingerphysiotherapie.de\/cms\/wp-content\/uploads\/2015\/12\/gutscheine-300x254.png\" alt=\"\"\/><\/div><\/div><\/li><\/ul><\/div><\/div><\/div><div class=\"fusion-clearfix\"><\/div>\n\n\t\t\t<\/div>\n\t\t<\/div><\/div><\/div><\/p>\n","protected":false},"excerpt":{"rendered":"","protected":false},"author":1,"featured_media":0,"parent":11,"menu_order":0,"comment_status":"closed","ping_status":"closed","template":"100-width.php","meta":{"footnotes":""},"_links":{"self":[{"href":"https:\/\/knielingerphysiotherapie.de\/cms\/wp-json\/wp\/v2\/pages\/1891"}],"collection":[{"href":"https:\/\/knielingerphysiotherapie.de\/cms\/wp-json\/wp\/v2\/pages"}],"about":[{"href":"https:\/\/knielingerphysiotherapie.de\/cms\/wp-json\/wp\/v2\/types\/page"}],"author":[{"embeddable":true,"href":"https:\/\/knielingerphysiotherapie.de\/cms\/wp-json\/wp\/v2\/users\/1"}],"replies":[{"embeddable":true,"href":"https:\/\/knielingerphysiotherapie.de\/cms\/wp-json\/wp\/v2\/comments?post=1891"}],"version-history":[{"count":19,"href":"https:\/\/knielingerphysiotherapie.de\/cms\/wp-json\/wp\/v2\/pages\/1891\/revisions"}],"predecessor-version":[{"id":2202,"href":"https:\/\/knielingerphysiotherapie.de\/cms\/wp-json\/wp\/v2\/pages\/1891\/revisions\/2202"}],"up":[{"embeddable":true,"href":"https:\/\/knielingerphysiotherapie.de\/cms\/wp-json\/wp\/v2\/pages\/11"}],"wp:attachment":[{"href":"https:\/\/knielingerphysiotherapie.de\/cms\/wp-json\/wp\/v2\/media?parent=1891"}],"curies":[{"name":"wp","href":"https:\/\/api.w.org\/{rel}","templated":true}]}}